{"id":16202,"date":"2016-07-19T21:44:43","date_gmt":"2016-07-19T20:44:43","guid":{"rendered":"http:\/\/animalhouse.es\/?page_id=16202"},"modified":"2026-01-23T17:28:44","modified_gmt":"2026-01-23T16:28:44","slug":"equipo-humano","status":"publish","type":"page","link":"https:\/\/animalhouse.es\/en\/equipo-humano\/","title":{"rendered":"Equipo Humano"},"content":{"rendered":"<div      class=\"vc_row wpb_row section vc_row-fluid\" style=' text-align:left;'><div class=\"full_section_inner clearfix\"><div class=\"wpb_column vc_column_container vc_col-sm-12\"><div class=\"vc_column-inner\"><div class=\"wpb_wrapper\"><div class=\"qode-animation-holder element_from_left\"><div class=\"qode-animation-holder-inner\"  style=\"-webkit-animation-delay:s; animation-delay:s; -webkit-transition-delay:s; transition-delay:s\"><div class=\"call_to_action simple\" style=\"background-color: #ffffff;\"><div class=\"text_wrapper\"><div class=\"call_to_action_text\" style=\"\">\n<h3><span style=\"color: #000000;\">El equipo de Animal House al cuidado de tu mascota.<\/span><\/h3>\n<\/div><\/div><\/div><\/div><\/div>\n\t<div class=\"wpb_text_column wpb_content_element\">\n\t\t<div class=\"wpb_wrapper\">\n\t\t\t<h5>En Animal House llevamos m\u00e1s de 15 a\u00f1os ofreciendo el mejor servicio en medicina veterinaria a su alcance. Nuestro equipo m\u00e9dico se distingue por su profesionalidad, vocaci\u00f3n y dedicaci\u00f3n. Una evaluaci\u00f3n personalizada de cada paciente, junto con la tecnolog\u00eda de vanguardia con la que contamos, har\u00e1 que Animal House sea tu cl\u00ednica veterinaria de referencia en el centro de Marbella.<\/h5>\n\n\t\t<\/div> \n\t<\/div> <\/div><\/div><\/div><\/div><\/div><div      class=\"vc_row wpb_row section vc_row-fluid\" style=' text-align:left;'><div class=\"full_section_inner clearfix\"><div class=\"wpb_column vc_column_container vc_col-sm-12\"><div class=\"vc_column-inner\"><div class=\"wpb_wrapper\"><ul class=\"q_circles_holder four_columns no_line\" ><\/ul><\/div><\/div><\/div><\/div><\/div><div      class=\"vc_row wpb_row section vc_row-fluid\" style=' text-align:left;'><div class=\"full_section_inner clearfix\"><div class=\"wpb_column vc_column_container vc_col-sm-4\"><div class=\"vc_column-inner\"><div class=\"wpb_wrapper\"><div class='q_team'><div class='q_team_inner'><div class='q_team_image'><img itemprop='image' src='https:\/\/animalhouse.es\/wp-content\/uploads\/2021\/12\/MARIA.png' alt='MARIA' \/><\/div><div class='q_team_text' ><div class='q_team_text_inner'><div class='q_team_title_holder'><h2 class='q_team_name' style = 'color: #0a0a0a;'>Mar\u00eda Funes<\/h2><span style = ''>Veterinaria Colegiada n\u00famero 291132<\/span><\/div><div class='separator small center' style = 'background-color: #779dd5;'><\/div><\/div><div class='q_team_social_holder'><\/div><\/div><\/div><\/div>\n\t<div class=\"wpb_text_column wpb_content_element\">\n\t\t<div class=\"wpb_wrapper\">\n\t\t\t<p>Licenciada por la Universidad de C\u00f3rdoba en 2004 y fundadora de la cl\u00ednica, ha realizado estancias de especializaci\u00f3n en B\u00e9lgica y centra su dedicaci\u00f3n en M\u00e9dicina Interna y Cirug\u00eda General.<\/p>\n\n\t\t<\/div> \n\t<\/div> <\/div><\/div><\/div><div class=\"wpb_column vc_column_container vc_col-sm-4\"><div class=\"vc_column-inner\"><div class=\"wpb_wrapper\"><div class='q_team'><div class='q_team_inner'><div class='q_team_image'><img itemprop='image' src='https:\/\/animalhouse.es\/wp-content\/uploads\/2021\/12\/IRENE.png' alt='IRENE' \/><\/div><div class='q_team_text' ><div class='q_team_text_inner'><div class='q_team_title_holder'><h2 class='q_team_name' style = 'color: #0a0a0a;'>Irene Ferriz<\/h2><span style = ''>Veterinario Colegiado n\u00famero 291809<\/span><\/div><div class='separator small center' style = 'background-color: #779dd5;'><\/div><\/div><div class='q_team_social_holder'><\/div><\/div><\/div><\/div>\n\t<div class=\"wpb_text_column wpb_content_element\">\n\t\t<div class=\"wpb_wrapper\">\n\t\t\t<p align=\"JUSTIFY\"><span style=\"color: #000000;\">Licenciada en Veterinaria por la Universidad de C\u00f3rdoba en 2005. Su gran pasi\u00f3n son los gatos, centrando su atenci\u00f3n en Medicina Interna y Radiolog\u00eda.<\/span><\/p>\n\n\t\t<\/div> \n\t<\/div> <\/div><\/div><\/div><div class=\"wpb_column vc_column_container vc_col-sm-4\"><div class=\"vc_column-inner\"><div class=\"wpb_wrapper\"><div class='q_team'><div class='q_team_inner'><div class='q_team_image'><img itemprop='image' src='https:\/\/animalhouse.es\/wp-content\/uploads\/2021\/12\/NATALIA.png' alt='NATALIA' \/><\/div><div class='q_team_text' ><div class='q_team_text_inner'><div class='q_team_title_holder'><h2 class='q_team_name' style = 'color: #0a0a0a;'>Natalia Porras<\/h2><span style = ''>ATV<\/span><\/div><div class='separator small center' style = 'background-color: #779dd5;'><\/div><\/div><div class='q_team_social_holder'><\/div><\/div><\/div><\/div>\n\t<div class=\"wpb_text_column wpb_content_element\">\n\t\t<div class=\"wpb_wrapper\">\n\t\t\t<p align=\"JUSTIFY\"><span style=\"color: #000000;\">Finalizo sus estudios de ATV en 2018 (Academia MasterD). En 2019 se incorpor\u00f3 al equipo como Auxiliar T\u00e9cnico Veterinario realizando tareas de apoyo al veterinario, atenci\u00f3n al p\u00fablico, an\u00e1lisis de muestras en laboratorio y asistencia a pacientes hospitalizados.<\/span><\/p>\n\n\t\t<\/div> \n\t<\/div> <\/div><\/div><\/div><\/div><\/div><div      class=\"vc_row wpb_row section vc_row-fluid\" style=' text-align:left;'><div class=\"full_section_inner clearfix\"><div class=\"wpb_column vc_column_container vc_col-sm-12\"><div class=\"vc_column-inner\"><div class=\"wpb_wrapper\"><div class=\"qode-animation-holder element_from_left\"><div class=\"qode-animation-holder-inner\"  style=\"-webkit-animation-delay:s; animation-delay:s; -webkit-transition-delay:s; transition-delay:s\"><div class=\"call_to_action simple\" style=\"background-color: #ffffff;\"><div class=\"text_wrapper\"><div class=\"call_to_action_text\" style=\"\">\n<h3><span style=\"color: #000000;\">\u00a1Somos Animal House Marbella!<\/span><\/h3>\n<\/div><\/div><\/div>\n\t<div class=\"wpb_single_image wpb_content_element vc_align_left\">\n\t\t<div class=\"wpb_wrapper\">\n\t\t\t\n\t\t\t<div class=\"vc_single_image-wrapper   vc_box_border_grey\"><img fetchpriority=\"high\" decoding=\"async\" width=\"2500\" height=\"1492\" src=\"https:\/\/animalhouse.es\/wp-content\/uploads\/2021\/12\/FOTO_EQUIPO-2.jpg\" class=\"vc_single_image-img attachment-full\" alt=\"\" srcset=\"https:\/\/animalhouse.es\/wp-content\/uploads\/2021\/12\/FOTO_EQUIPO-2.jpg 2500w, https:\/\/animalhouse.es\/wp-content\/uploads\/2021\/12\/FOTO_EQUIPO-2-300x179.jpg 300w, https:\/\/animalhouse.es\/wp-content\/uploads\/2021\/12\/FOTO_EQUIPO-2-1024x611.jpg 1024w, https:\/\/animalhouse.es\/wp-content\/uploads\/2021\/12\/FOTO_EQUIPO-2-768x458.jpg 768w, https:\/\/animalhouse.es\/wp-content\/uploads\/2021\/12\/FOTO_EQUIPO-2-1536x917.jpg 1536w, https:\/\/animalhouse.es\/wp-content\/uploads\/2021\/12\/FOTO_EQUIPO-2-2048x1222.jpg 2048w, https:\/\/animalhouse.es\/wp-content\/uploads\/2021\/12\/FOTO_EQUIPO-2-700x418.jpg 700w\" sizes=\"(max-width: 2500px) 100vw, 2500px\" \/><\/div>\n\t\t<\/div>\n\t<\/div>\n<\/div><\/div><\/div><\/div><\/div><\/div><\/div><div      class=\"vc_row wpb_row section vc_row-fluid\" style=' text-align:left;'><div class=\"full_section_inner clearfix\"><div class=\"wpb_column vc_column_container vc_col-sm-12\"><div class=\"vc_column-inner\"><div class=\"wpb_wrapper\"><\/div><\/div><\/div><\/div><\/div>","protected":false},"excerpt":{"rendered":"El equipo de Animal House al cuidado de tu mascota. En Animal House llevamos m\u00e1s de 15 a\u00f1os ofreciendo el mejor servicio en medicina veterinaria a su alcance. Nuestro equipo m\u00e9dico se distingue por su profesionalidad, vocaci\u00f3n y dedicaci\u00f3n. Una evaluaci\u00f3n personalizada de cada paciente,...","protected":false},"author":1,"featured_media":0,"parent":0,"menu_order":0,"comment_status":"closed","ping_status":"closed","template":"","meta":{"_joinchat":[],"footnotes":""},"class_list":["post-16202","page","type-page","status-publish","hentry"],"yoast_head":"<!-- This site is optimized with the Yoast SEO plugin v25.8 - https:\/\/yoast.com\/wordpress\/plugins\/seo\/ -->\n<title>Equipo Humano - Animal House<\/title>\n<meta name=\"robots\" content=\"index, follow, max-snippet:-1, max-image-preview:large, max-video-preview:-1\" \/>\n<link rel=\"canonical\" href=\"https:\/\/animalhouse.es\/en\/equipo-humano\/\" \/>\n<meta property=\"og:locale\" content=\"en_GB\" \/>\n<meta property=\"og:type\" content=\"article\" \/>\n<meta property=\"og:title\" content=\"Equipo Humano - Animal House\" \/>\n<meta property=\"og:url\" content=\"https:\/\/animalhouse.es\/en\/equipo-humano\/\" \/>\n<meta property=\"og:site_name\" content=\"Animal House\" \/>\n<meta property=\"article:publisher\" content=\"https:\/\/www.facebook.com\/p\/Cl%c3%adnica-Veterinaria-Animal-House-100063496242751\/\" \/>\n<meta property=\"article:modified_time\" content=\"2026-01-23T16:28:44+00:00\" \/>\n<meta name=\"twitter:card\" content=\"summary_large_image\" \/>\n<meta name=\"twitter:label1\" content=\"Estimated reading time\" \/>\n\t<meta name=\"twitter:data1\" content=\"6 minutes\" \/>\n<script type=\"application\/ld+json\" class=\"yoast-schema-graph\">{\"@context\":\"https:\/\/schema.org\",\"@graph\":[{\"@type\":\"WebPage\",\"@id\":\"https:\/\/animalhouse.es\/equipo-humano\/\",\"url\":\"https:\/\/animalhouse.es\/equipo-humano\/\",\"name\":\"Equipo Humano - Animal House\",\"isPartOf\":{\"@id\":\"https:\/\/animalhouse.es\/#website\"},\"datePublished\":\"2016-07-19T20:44:43+00:00\",\"dateModified\":\"2026-01-23T16:28:44+00:00\",\"breadcrumb\":{\"@id\":\"https:\/\/animalhouse.es\/equipo-humano\/#breadcrumb\"},\"inLanguage\":\"en-GB\",\"potentialAction\":[{\"@type\":\"ReadAction\",\"target\":[\"https:\/\/animalhouse.es\/equipo-humano\/\"]}]},{\"@type\":\"BreadcrumbList\",\"@id\":\"https:\/\/animalhouse.es\/equipo-humano\/#breadcrumb\",\"itemListElement\":[{\"@type\":\"ListItem\",\"position\":1,\"name\":\"Portada\",\"item\":\"https:\/\/animalhouse.es\/\"},{\"@type\":\"ListItem\",\"position\":2,\"name\":\"Equipo Humano\"}]},{\"@type\":\"WebSite\",\"@id\":\"https:\/\/animalhouse.es\/#website\",\"url\":\"https:\/\/animalhouse.es\/\",\"name\":\"Animal House\",\"description\":\"Cl\u00ednica Veterinaria Marbella\",\"publisher\":{\"@id\":\"https:\/\/animalhouse.es\/#organization\"},\"potentialAction\":[{\"@type\":\"SearchAction\",\"target\":{\"@type\":\"EntryPoint\",\"urlTemplate\":\"https:\/\/animalhouse.es\/?s={search_term_string}\"},\"query-input\":{\"@type\":\"PropertyValueSpecification\",\"valueRequired\":true,\"valueName\":\"search_term_string\"}}],\"inLanguage\":\"en-GB\"},{\"@type\":\"Organization\",\"@id\":\"https:\/\/animalhouse.es\/#organization\",\"name\":\"Cl\u00ednica veterinaria Animal House\",\"url\":\"https:\/\/animalhouse.es\/\",\"logo\":{\"@type\":\"ImageObject\",\"inLanguage\":\"en-GB\",\"@id\":\"https:\/\/animalhouse.es\/#\/schema\/logo\/image\/\",\"url\":\"https:\/\/animalhouse.es\/wp-content\/uploads\/2017\/03\/slider-1.jpg\",\"contentUrl\":\"https:\/\/animalhouse.es\/wp-content\/uploads\/2017\/03\/slider-1.jpg\",\"width\":1200,\"height\":850,\"caption\":\"Cl\u00ednica veterinaria Animal House\"},\"image\":{\"@id\":\"https:\/\/animalhouse.es\/#\/schema\/logo\/image\/\"},\"sameAs\":[\"https:\/\/www.facebook.com\/p\/Cl\u00ednica-Veterinaria-Animal-House-100063496242751\/\"]}]}<\/script>\n<!-- \/ Yoast SEO plugin. -->","yoast_head_json":{"title":"Equipo Humano - Animal House","robots":{"index":"index","follow":"follow","max-snippet":"max-snippet:-1","max-image-preview":"max-image-preview:large","max-video-preview":"max-video-preview:-1"},"canonical":"https:\/\/animalhouse.es\/en\/equipo-humano\/","og_locale":"en_GB","og_type":"article","og_title":"Equipo Humano - Animal House","og_url":"https:\/\/animalhouse.es\/en\/equipo-humano\/","og_site_name":"Animal House","article_publisher":"https:\/\/www.facebook.com\/p\/Cl%c3%adnica-Veterinaria-Animal-House-100063496242751\/","article_modified_time":"2026-01-23T16:28:44+00:00","twitter_card":"summary_large_image","twitter_misc":{"Estimated reading time":"6 minutes"},"schema":{"@context":"https:\/\/schema.org","@graph":[{"@type":"WebPage","@id":"https:\/\/animalhouse.es\/equipo-humano\/","url":"https:\/\/animalhouse.es\/equipo-humano\/","name":"Equipo Humano - Animal House","isPartOf":{"@id":"https:\/\/animalhouse.es\/#website"},"datePublished":"2016-07-19T20:44:43+00:00","dateModified":"2026-01-23T16:28:44+00:00","breadcrumb":{"@id":"https:\/\/animalhouse.es\/equipo-humano\/#breadcrumb"},"inLanguage":"en-GB","potentialAction":[{"@type":"ReadAction","target":["https:\/\/animalhouse.es\/equipo-humano\/"]}]},{"@type":"BreadcrumbList","@id":"https:\/\/animalhouse.es\/equipo-humano\/#breadcrumb","itemListElement":[{"@type":"ListItem","position":1,"name":"Portada","item":"https:\/\/animalhouse.es\/"},{"@type":"ListItem","position":2,"name":"Equipo Humano"}]},{"@type":"WebSite","@id":"https:\/\/animalhouse.es\/#website","url":"https:\/\/animalhouse.es\/","name":"Animal House","description":"Cl\u00ednica Veterinaria Marbella","publisher":{"@id":"https:\/\/animalhouse.es\/#organization"},"potentialAction":[{"@type":"SearchAction","target":{"@type":"EntryPoint","urlTemplate":"https:\/\/animalhouse.es\/?s={search_term_string}"},"query-input":{"@type":"PropertyValueSpecification","valueRequired":true,"valueName":"search_term_string"}}],"inLanguage":"en-GB"},{"@type":"Organization","@id":"https:\/\/animalhouse.es\/#organization","name":"Cl\u00ednica veterinaria Animal House","url":"https:\/\/animalhouse.es\/","logo":{"@type":"ImageObject","inLanguage":"en-GB","@id":"https:\/\/animalhouse.es\/#\/schema\/logo\/image\/","url":"https:\/\/animalhouse.es\/wp-content\/uploads\/2017\/03\/slider-1.jpg","contentUrl":"https:\/\/animalhouse.es\/wp-content\/uploads\/2017\/03\/slider-1.jpg","width":1200,"height":850,"caption":"Cl\u00ednica veterinaria Animal House"},"image":{"@id":"https:\/\/animalhouse.es\/#\/schema\/logo\/image\/"},"sameAs":["https:\/\/www.facebook.com\/p\/Cl\u00ednica-Veterinaria-Animal-House-100063496242751\/"]}]}},"_links":{"self":[{"href":"https:\/\/animalhouse.es\/en\/wp-json\/wp\/v2\/pages\/16202","targetHints":{"allow":["GET"]}}],"collection":[{"href":"https:\/\/animalhouse.es\/en\/wp-json\/wp\/v2\/pages"}],"about":[{"href":"https:\/\/animalhouse.es\/en\/wp-json\/wp\/v2\/types\/page"}],"author":[{"embeddable":true,"href":"https:\/\/animalhouse.es\/en\/wp-json\/wp\/v2\/users\/1"}],"replies":[{"embeddable":true,"href":"https:\/\/animalhouse.es\/en\/wp-json\/wp\/v2\/comments?post=16202"}],"version-history":[{"count":88,"href":"https:\/\/animalhouse.es\/en\/wp-json\/wp\/v2\/pages\/16202\/revisions"}],"predecessor-version":[{"id":17944,"href":"https:\/\/animalhouse.es\/en\/wp-json\/wp\/v2\/pages\/16202\/revisions\/17944"}],"wp:attachment":[{"href":"https:\/\/animalhouse.es\/en\/wp-json\/wp\/v2\/media?parent=16202"}],"curies":[{"name":"wp","href":"https:\/\/api.w.org\/{rel}","templated":true}]}}