{"id":16307,"date":"2016-08-02T16:47:42","date_gmt":"2016-08-02T15:47:42","guid":{"rendered":"http:\/\/animalhouse.es\/?page_id=16307"},"modified":"2022-01-11T14:53:44","modified_gmt":"2022-01-11T13:53:44","slug":"planes-de-salud","status":"publish","type":"page","link":"https:\/\/animalhouse.es\/en\/planes-de-salud\/","title":{"rendered":"Planes de Salud"},"content":{"rendered":"<div      class=\"vc_row wpb_row section vc_row-fluid  vc_custom_1495993550862\" style=' text-align:left;'><div class=\"full_section_inner clearfix\"><div class=\"wpb_column vc_column_container vc_col-sm-12\"><div class=\"vc_column-inner\"><div class=\"wpb_wrapper\">\n\t<div class=\"wpb_text_column wpb_content_element\">\n\t\t<div class=\"wpb_wrapper\">\n\t\t\t<p align=\"JUSTIFY\"><strong>La Cl\u00ednica Veterinaria Animal House<\/strong> ofrece a sus clientes el seguro para mascotas<strong> VETPLAN<\/strong>. Nuestra filosof\u00eda se basa en la prevenci\u00f3n y hacer que la consulta veterinaria est\u00e9 al alcance de todos los bolsillos. VETPLAN, es el plan de salud m\u00e1s completo: prevenci\u00f3n, diagn\u00f3stico, hospitalizaci\u00f3n y cirug\u00edas a precios muy especiales.<\/p>\n<p align=\"JUSTIFY\">El Plan B\u00e1sico incluye, por ejemplo, toda las vacunaciones, antiparasitarios internos y externos, consultas a 10\u20ac y una revisi\u00f3n anual con anal\u00edtica incluida, todo por <strong>22<\/strong> al mes, conseguir\u00e1 hasta un ahorro del 40% en gastos veterinarios.<\/p>\n<p align=\"JUSTIFY\">Para que disfruten de un servicio sanitario excepcional y a unas condiciones econ\u00f3micas muy especiales, disponemos de 3 modalidades.<\/p>\n\n\t\t<\/div> \n\t<\/div> \t<div class=\"vc_empty_space\"  style=\"height: 50px\" ><span\n\t\t\tclass=\"vc_empty_space_inner\">\n\t\t\t<span class=\"empty_space_image\"  ><\/span>\n\t\t<\/span><\/div>\n\n<\/div><\/div><\/div><\/div><\/div><div      class=\"vc_row wpb_row section vc_row-fluid\" style=' text-align:left;'><div class=\"full_section_inner clearfix\"><div class=\"wpb_column vc_column_container vc_col-sm-12\"><div class=\"vc_column-inner\"><div class=\"wpb_wrapper\"><div class=\"vc_text_separator wpb_content_element full separator_align_center\"><div style='background-color:#68b9d9; color:#ffffff;'><span>Planes para adultos<\/span><\/div><\/div>\n\t<div class=\"vc_empty_space\"  style=\"height: 50px\" ><span\n\t\t\tclass=\"vc_empty_space_inner\">\n\t\t\t<span class=\"empty_space_image\"  ><\/span>\n\t\t<\/span><\/div>\n\n<\/div><\/div><\/div><\/div><\/div><div      class=\"vc_row wpb_row section vc_row-fluid\" style=' text-align:left;'><div class=\"full_section_inner clearfix\"><div class=\"wpb_column vc_column_container vc_col-sm-4\"><div class=\"vc_column-inner\"><div class=\"wpb_wrapper\"><div class=\"image_with_text\"><img decoding=\"async\" itemprop=\"image\" src=\"https:\/\/animalhouse.es\/wp-content\/uploads\/2021\/07\/Logo-basico-ancho600-VETPLAN-14-01-2020.png\" alt=\"\" \/><h3 ><\/h3><span style=\"margin: 6px 0px;\" class=\"separator transparent\"><\/span><\/div><\/div><\/div><\/div><div class=\"wpb_column vc_column_container vc_col-sm-4\"><div class=\"vc_column-inner\"><div class=\"wpb_wrapper\"><div class=\"image_with_text\"><img decoding=\"async\" itemprop=\"image\" src=\"https:\/\/animalhouse.es\/wp-content\/uploads\/2021\/07\/Logo-plus-ancho600-VETPLAN-14-01-2020.png\" alt=\"\" \/><h3 ><\/h3><span style=\"margin: 6px 0px;\" class=\"separator transparent\"><\/span><\/div><\/div><\/div><\/div><div class=\"wpb_column vc_column_container vc_col-sm-4\"><div class=\"vc_column-inner\"><div class=\"wpb_wrapper\"><div class=\"image_with_text\"><img decoding=\"async\" itemprop=\"image\" src=\"https:\/\/animalhouse.es\/wp-content\/uploads\/2021\/07\/Logo-complet-ancho600-VETPLAN-14-01-2020.png\" alt=\"\" \/><h3 ><\/h3><span style=\"margin: 6px 0px;\" class=\"separator transparent\"><\/span><\/div><\/div><\/div><\/div><\/div><\/div><div      class=\"vc_row wpb_row section vc_row-fluid\" style=' text-align:left;'><div class=\"full_section_inner clearfix\"><div class=\"wpb_column vc_column_container vc_col-sm-12\"><div class=\"vc_column-inner\"><div class=\"wpb_wrapper\"><div class=\"qode_pricing_tables clearfix three_columns\"><div class='q_price_table'><div class='price_table_inner'><ul><li class='cell table_title'><h3 class='title_content'>VetPlan B\u00e1sico<\/h3><li class='prices'><div class='price_in_table'><sup class='value'>\u20ac<\/sup><span class='price'>22<\/span><span class='mark'>\/Mes<\/span><\/div><\/li><li class='pricing_table_content'><\/p>\n<ul>\n<li>Vacunaci\u00f3n antirr\u00e1bica<\/li>\n<li>Vacunaci\u00f3n extra (Heptavalente)<\/li>\n<li>Desparasitaciones internas<\/li>\n<li>Desparasitaciones externas<\/li>\n<li>Revisi\u00f3n anual<\/li>\n<li>Consultas a 10\u20ac<\/li>\n<\/ul>\n<p><\/li><li class='price_button'><a itemprop='url' class='qbutton white' href='https:\/\/animalhouse.es\/en\/vetplan-basico\/' target='_self'>M\u00e1s Informaci\u00f3n<\/a><\/li><\/ul><\/div><\/div><div class='q_price_table'><div class='price_table_inner'><ul><li class='cell table_title'><h3 class='title_content'>VetPlan Plus<\/h3><li class='prices'><div class='price_in_table'><sup class='value'>\u20ac<\/sup><span class='price'>33<\/span><span class='mark'>\/Mes<\/span><\/div><\/li><li class='pricing_table_content'><\/p>\n<ul>\n<li>Vacunaci\u00f3n antirr\u00e1bica<\/li>\n<li>Vacunaci\u00f3n extra<\/li>\n<li>Desparasitaciones internas<\/li>\n<li>Desparasitaciones externas<\/li>\n<li>Revisi\u00f3n anual<\/li>\n<li>Hasta 3 d\u00edas de hospitalizaci\u00f3n<\/li>\n<\/ul>\n<p><\/li><li class='price_button'><a itemprop='url' class='qbutton white' href='https:\/\/animalhouse.es\/en\/vetplan-plus\/' target='_self'>M\u00e1s Informaci\u00f3n<\/a><\/li><\/ul><\/div><\/div><div class='q_price_table'><div class='price_table_inner'><ul><li class='cell table_title'><h3 class='title_content'>VetPlan Complet<\/h3><li class='prices'><div class='price_in_table'><sup class='value'>\u20ac<\/sup><span class='price'>48<\/span><span class='mark'>\/Mes<\/span><\/div><\/li><li class='pricing_table_content'><\/p>\n<ul>\n<li>Vacunaci\u00f3n antirr\u00e1bica<\/li>\n<li>Vacunaci\u00f3n extra<\/li>\n<li>Desparasitaciones internas<\/li>\n<li>Desparasitaciones externas<\/li>\n<li>Revisi\u00f3n anual<\/li>\n<li>Hasta 3 d\u00edas de hospitalizaci\u00f3n<\/li>\n<\/ul>\n<p><\/li><li class='price_button'><a itemprop='url' class='qbutton white' href='https:\/\/animalhouse.es\/en\/vetplan-complet\/' target='_self'>M\u00e1s Informaci\u00f3n<\/a><\/li><\/ul><\/div><\/div><\/div>\t<div class=\"vc_empty_space\"  style=\"height: 50px\" ><span\n\t\t\tclass=\"vc_empty_space_inner\">\n\t\t\t<span class=\"empty_space_image\"  ><\/span>\n\t\t<\/span><\/div>\n\n<\/div><\/div><\/div><\/div><\/div><div      class=\"vc_row wpb_row section vc_row-fluid\" style=' text-align:left;'><div class=\"full_section_inner clearfix\"><div class=\"wpb_column vc_column_container vc_col-sm-12\"><div class=\"vc_column-inner\"><div class=\"wpb_wrapper\"><div class=\"vc_text_separator wpb_content_element full separator_align_center\"><div style='background-color:#68b9d9; color:#ffffff;'><span>Planes para cachorros<\/span><\/div><\/div>\n\t<div class=\"vc_empty_space\"  style=\"height: 50px\" ><span\n\t\t\tclass=\"vc_empty_space_inner\">\n\t\t\t<span class=\"empty_space_image\"  ><\/span>\n\t\t<\/span><\/div>\n\n<\/div><\/div><\/div><\/div><\/div><div      class=\"vc_row wpb_row section vc_row-fluid\" style=' text-align:left;'><div class=\"full_section_inner clearfix\"><div class=\"wpb_column vc_column_container vc_col-sm-4\"><div class=\"vc_column-inner\"><div class=\"wpb_wrapper\"><div class=\"image_with_text\"><img decoding=\"async\" itemprop=\"image\" src=\"https:\/\/animalhouse.es\/wp-content\/uploads\/2021\/08\/logo-vetplan-puppybasico-650-VETPLAN-14-01-2020.png\" alt=\"\" \/><h3 ><\/h3><span style=\"margin: 6px 0px;\" class=\"separator transparent\"><\/span><\/div><\/div><\/div><\/div><div class=\"wpb_column vc_column_container vc_col-sm-4\"><div class=\"vc_column-inner\"><div class=\"wpb_wrapper\"><div class=\"image_with_text\"><img decoding=\"async\" itemprop=\"image\" src=\"https:\/\/animalhouse.es\/wp-content\/uploads\/2021\/08\/logo-vetplan-puppyplus-650-VETPLAN-14-01-2020.png\" alt=\"\" \/><h3 ><\/h3><span style=\"margin: 6px 0px;\" class=\"separator transparent\"><\/span><\/div><\/div><\/div><\/div><div class=\"wpb_column vc_column_container vc_col-sm-4\"><div class=\"vc_column-inner\"><div class=\"wpb_wrapper\"><div class=\"image_with_text\"><img decoding=\"async\" itemprop=\"image\" src=\"https:\/\/animalhouse.es\/wp-content\/uploads\/2021\/08\/logo-vetplan-puppycomplet-650-VETPLAN-14-01-2020.png\" alt=\"\" \/><h3 ><\/h3><span style=\"margin: 6px 0px;\" class=\"separator transparent\"><\/span><\/div><\/div><\/div><\/div><\/div><\/div><div      class=\"vc_row wpb_row section vc_row-fluid\" style=' text-align:left;'><div class=\"full_section_inner clearfix\"><div class=\"wpb_column vc_column_container vc_col-sm-12\"><div class=\"vc_column-inner\"><div class=\"wpb_wrapper\"><div class=\"qode_pricing_tables clearfix three_columns\"><div class='q_price_table'><div class='price_table_inner'><ul><li class='cell table_title'><h3 class='title_content'>Puppy B\u00e1sico<\/h3><li class='prices'><div class='price_in_table'><sup class='value'>\u20ac<\/sup><span class='price'>30<\/span><span class='mark'>\/Mes<\/span><\/div><\/li><li class='pricing_table_content'><\/p>\n<ul>\n<li style=\"text-align: center;\">Coberturas Puppy B\u00e1sico (Consultar info.)<\/li>\n<li style=\"text-align: center;\">Vacunaci\u00f3n extra<\/li>\n<li style=\"text-align: center;\">Desparasitaciones internas<\/li>\n<li style=\"text-align: center;\">Desparasitaciones externas<\/li>\n<li style=\"text-align: center;\">Consultas a 10\u20ac<\/li>\n<\/ul>\n<p><\/li><li class='price_button'><a itemprop='url' class='qbutton white' href='https:\/\/animalhouse.es\/en\/vetplan-puppy-basico\/' target='_self'>M\u00e1s Informaci\u00f3n<\/a><\/li><\/ul><\/div><\/div><div class='q_price_table'><div class='price_table_inner'><ul><li class='cell table_title'><h3 class='title_content'>Puppy Plus<\/h3><li class='prices'><div class='price_in_table'><sup class='value'>\u20ac<\/sup><span class='price'>42<\/span><span class='mark'>\/Mes<\/span><\/div><\/li><li class='pricing_table_content'><\/p>\n<ul>\n<li>Coberturas Puppy Plus (Consultar info.)<\/li>\n<li>Consultas a 10\u20ac<\/li>\n<li>Desparacitaciones<\/li>\n<li>3 d\u00edas de hospitalizaci\u00f3n<\/li>\n<li>Pruebas diagnosticas sin sedaci\u00f3n a 17\u20ac<\/li>\n<\/ul>\n<p><\/li><li class='price_button'><a itemprop='url' class='qbutton white' href='https:\/\/animalhouse.es\/en\/vetplan-puppy-plus\/' target='_self'>M\u00e1s Informaci\u00f3n<\/a><\/li><\/ul><\/div><\/div><div class='q_price_table'><div class='price_table_inner'><ul><li class='cell table_title'><h3 class='title_content'>Puppy Complet<\/h3><li class='prices'><div class='price_in_table'><sup class='value'>\u20ac<\/sup><span class='price'>55<\/span><span class='mark'>\/Mes<\/span><\/div><\/li><li class='pricing_table_content'><\/p>\n<ul>\n<li>Coberturas Puppy Complet (Consultar info)<\/li>\n<li>Consultas a 10\u20ac<\/li>\n<li>10 d\u00edas de hospitalizaci\u00f3n<\/li>\n<li>Pruebas diagn\u00f3sticas a 17\u20ac<\/li>\n<li>Cirug\u00edas menores a 30\u20ac<br \/>\nCirug\u00edas medias a 80\u20ac<br \/>\nFracturas a 140\u20ac<\/li>\n<\/ul>\n<p><\/li><li class='price_button'><a itemprop='url' class='qbutton white' href='https:\/\/animalhouse.es\/en\/vetplan-puppy-complet\/' target='_self'>M\u00e1s Informaci\u00f3n<\/a><\/li><\/ul><\/div><\/div><\/div>\t<div class=\"vc_empty_space\"  style=\"height: 50px\" ><span\n\t\t\tclass=\"vc_empty_space_inner\">\n\t\t\t<span class=\"empty_space_image\"  ><\/span>\n\t\t<\/span><\/div>\n\n<\/div><\/div><\/div><\/div><\/div>","protected":false},"excerpt":{"rendered":"La Cl\u00ednica Veterinaria Animal House ofrece a sus clientes el seguro para mascotas VETPLAN. Nuestra filosof\u00eda se basa en la prevenci\u00f3n y hacer que la consulta veterinaria est\u00e9 al alcance de todos los bolsillos. VETPLAN, es el plan de salud m\u00e1s completo: prevenci\u00f3n, diagn\u00f3stico, hospitalizaci\u00f3n...","protected":false},"author":1,"featured_media":0,"parent":0,"menu_order":0,"comment_status":"closed","ping_status":"closed","template":"","meta":{"_joinchat":[],"footnotes":""},"class_list":["post-16307","page","type-page","status-publish","hentry"],"yoast_head":"<!-- This site is optimized with the Yoast SEO plugin v25.8 - https:\/\/yoast.com\/wordpress\/plugins\/seo\/ -->\n<title>Planes de Salud - Animal House<\/title>\n<meta name=\"robots\" content=\"index, follow, max-snippet:-1, max-image-preview:large, max-video-preview:-1\" \/>\n<link rel=\"canonical\" href=\"https:\/\/animalhouse.es\/en\/planes-de-salud\/\" \/>\n<meta property=\"og:locale\" content=\"en_GB\" \/>\n<meta property=\"og:type\" content=\"article\" \/>\n<meta property=\"og:title\" content=\"Planes de Salud - Animal House\" \/>\n<meta property=\"og:url\" content=\"https:\/\/animalhouse.es\/en\/planes-de-salud\/\" \/>\n<meta property=\"og:site_name\" content=\"Animal House\" \/>\n<meta property=\"article:publisher\" content=\"https:\/\/www.facebook.com\/p\/Cl%c3%adnica-Veterinaria-Animal-House-100063496242751\/\" \/>\n<meta property=\"article:modified_time\" content=\"2022-01-11T13:53:44+00:00\" \/>\n<meta name=\"twitter:card\" content=\"summary_large_image\" \/>\n<meta name=\"twitter:label1\" content=\"Estimated reading time\" \/>\n\t<meta name=\"twitter:data1\" content=\"2 minutes\" \/>\n<script type=\"application\/ld+json\" class=\"yoast-schema-graph\">{\"@context\":\"https:\/\/schema.org\",\"@graph\":[{\"@type\":\"WebPage\",\"@id\":\"https:\/\/animalhouse.es\/planes-de-salud\/\",\"url\":\"https:\/\/animalhouse.es\/planes-de-salud\/\",\"name\":\"Planes de Salud - Animal House\",\"isPartOf\":{\"@id\":\"https:\/\/animalhouse.es\/#website\"},\"datePublished\":\"2016-08-02T15:47:42+00:00\",\"dateModified\":\"2022-01-11T13:53:44+00:00\",\"breadcrumb\":{\"@id\":\"https:\/\/animalhouse.es\/planes-de-salud\/#breadcrumb\"},\"inLanguage\":\"en-GB\",\"potentialAction\":[{\"@type\":\"ReadAction\",\"target\":[\"https:\/\/animalhouse.es\/planes-de-salud\/\"]}]},{\"@type\":\"BreadcrumbList\",\"@id\":\"https:\/\/animalhouse.es\/planes-de-salud\/#breadcrumb\",\"itemListElement\":[{\"@type\":\"ListItem\",\"position\":1,\"name\":\"Portada\",\"item\":\"https:\/\/animalhouse.es\/\"},{\"@type\":\"ListItem\",\"position\":2,\"name\":\"Planes de Salud\"}]},{\"@type\":\"WebSite\",\"@id\":\"https:\/\/animalhouse.es\/#website\",\"url\":\"https:\/\/animalhouse.es\/\",\"name\":\"Animal House\",\"description\":\"Cl\u00ednica Veterinaria Marbella\",\"publisher\":{\"@id\":\"https:\/\/animalhouse.es\/#organization\"},\"potentialAction\":[{\"@type\":\"SearchAction\",\"target\":{\"@type\":\"EntryPoint\",\"urlTemplate\":\"https:\/\/animalhouse.es\/?s={search_term_string}\"},\"query-input\":{\"@type\":\"PropertyValueSpecification\",\"valueRequired\":true,\"valueName\":\"search_term_string\"}}],\"inLanguage\":\"en-GB\"},{\"@type\":\"Organization\",\"@id\":\"https:\/\/animalhouse.es\/#organization\",\"name\":\"Cl\u00ednica veterinaria Animal House\",\"url\":\"https:\/\/animalhouse.es\/\",\"logo\":{\"@type\":\"ImageObject\",\"inLanguage\":\"en-GB\",\"@id\":\"https:\/\/animalhouse.es\/#\/schema\/logo\/image\/\",\"url\":\"https:\/\/animalhouse.es\/wp-content\/uploads\/2017\/03\/slider-1.jpg\",\"contentUrl\":\"https:\/\/animalhouse.es\/wp-content\/uploads\/2017\/03\/slider-1.jpg\",\"width\":1200,\"height\":850,\"caption\":\"Cl\u00ednica veterinaria Animal House\"},\"image\":{\"@id\":\"https:\/\/animalhouse.es\/#\/schema\/logo\/image\/\"},\"sameAs\":[\"https:\/\/www.facebook.com\/p\/Cl\u00ednica-Veterinaria-Animal-House-100063496242751\/\"]}]}<\/script>\n<!-- \/ Yoast SEO plugin. -->","yoast_head_json":{"title":"Planes de Salud - Animal House","robots":{"index":"index","follow":"follow","max-snippet":"max-snippet:-1","max-image-preview":"max-image-preview:large","max-video-preview":"max-video-preview:-1"},"canonical":"https:\/\/animalhouse.es\/en\/planes-de-salud\/","og_locale":"en_GB","og_type":"article","og_title":"Planes de Salud - Animal House","og_url":"https:\/\/animalhouse.es\/en\/planes-de-salud\/","og_site_name":"Animal House","article_publisher":"https:\/\/www.facebook.com\/p\/Cl%c3%adnica-Veterinaria-Animal-House-100063496242751\/","article_modified_time":"2022-01-11T13:53:44+00:00","twitter_card":"summary_large_image","twitter_misc":{"Estimated reading time":"2 minutes"},"schema":{"@context":"https:\/\/schema.org","@graph":[{"@type":"WebPage","@id":"https:\/\/animalhouse.es\/planes-de-salud\/","url":"https:\/\/animalhouse.es\/planes-de-salud\/","name":"Planes de Salud - Animal House","isPartOf":{"@id":"https:\/\/animalhouse.es\/#website"},"datePublished":"2016-08-02T15:47:42+00:00","dateModified":"2022-01-11T13:53:44+00:00","breadcrumb":{"@id":"https:\/\/animalhouse.es\/planes-de-salud\/#breadcrumb"},"inLanguage":"en-GB","potentialAction":[{"@type":"ReadAction","target":["https:\/\/animalhouse.es\/planes-de-salud\/"]}]},{"@type":"BreadcrumbList","@id":"https:\/\/animalhouse.es\/planes-de-salud\/#breadcrumb","itemListElement":[{"@type":"ListItem","position":1,"name":"Portada","item":"https:\/\/animalhouse.es\/"},{"@type":"ListItem","position":2,"name":"Planes de Salud"}]},{"@type":"WebSite","@id":"https:\/\/animalhouse.es\/#website","url":"https:\/\/animalhouse.es\/","name":"Animal House","description":"Cl\u00ednica Veterinaria Marbella","publisher":{"@id":"https:\/\/animalhouse.es\/#organization"},"potentialAction":[{"@type":"SearchAction","target":{"@type":"EntryPoint","urlTemplate":"https:\/\/animalhouse.es\/?s={search_term_string}"},"query-input":{"@type":"PropertyValueSpecification","valueRequired":true,"valueName":"search_term_string"}}],"inLanguage":"en-GB"},{"@type":"Organization","@id":"https:\/\/animalhouse.es\/#organization","name":"Cl\u00ednica veterinaria Animal House","url":"https:\/\/animalhouse.es\/","logo":{"@type":"ImageObject","inLanguage":"en-GB","@id":"https:\/\/animalhouse.es\/#\/schema\/logo\/image\/","url":"https:\/\/animalhouse.es\/wp-content\/uploads\/2017\/03\/slider-1.jpg","contentUrl":"https:\/\/animalhouse.es\/wp-content\/uploads\/2017\/03\/slider-1.jpg","width":1200,"height":850,"caption":"Cl\u00ednica veterinaria Animal House"},"image":{"@id":"https:\/\/animalhouse.es\/#\/schema\/logo\/image\/"},"sameAs":["https:\/\/www.facebook.com\/p\/Cl\u00ednica-Veterinaria-Animal-House-100063496242751\/"]}]}},"_links":{"self":[{"href":"https:\/\/animalhouse.es\/en\/wp-json\/wp\/v2\/pages\/16307","targetHints":{"allow":["GET"]}}],"collection":[{"href":"https:\/\/animalhouse.es\/en\/wp-json\/wp\/v2\/pages"}],"about":[{"href":"https:\/\/animalhouse.es\/en\/wp-json\/wp\/v2\/types\/page"}],"author":[{"embeddable":true,"href":"https:\/\/animalhouse.es\/en\/wp-json\/wp\/v2\/users\/1"}],"replies":[{"embeddable":true,"href":"https:\/\/animalhouse.es\/en\/wp-json\/wp\/v2\/comments?post=16307"}],"version-history":[{"count":82,"href":"https:\/\/animalhouse.es\/en\/wp-json\/wp\/v2\/pages\/16307\/revisions"}],"predecessor-version":[{"id":17695,"href":"https:\/\/animalhouse.es\/en\/wp-json\/wp\/v2\/pages\/16307\/revisions\/17695"}],"wp:attachment":[{"href":"https:\/\/animalhouse.es\/en\/wp-json\/wp\/v2\/media?parent=16307"}],"curies":[{"name":"wp","href":"https:\/\/api.w.org\/{rel}","templated":true}]}}