{"id":16705,"date":"2016-10-16T17:21:06","date_gmt":"2016-10-16T16:21:06","guid":{"rendered":"http:\/\/animalhouse.es\/?page_id=16705"},"modified":"2022-01-20T13:00:59","modified_gmt":"2022-01-20T12:00:59","slug":"cirugia-general-y-especializada","status":"publish","type":"page","link":"https:\/\/animalhouse.es\/en\/cirugia-general-y-especializada\/","title":{"rendered":"Cirug\u00eda General especializada"},"content":{"rendered":"<div      class=\"vc_row wpb_row section vc_row-fluid  vc_custom_1641909914492\" style=' text-align:left;'><div class=\"full_section_inner clearfix\"><div class=\"wpb_column vc_column_container vc_col-sm-6\"><div class=\"vc_column-inner vc_custom_1641909902741\"><div class=\"wpb_wrapper\">\n\t<div class=\"wpb_text_column wpb_content_element\">\n\t\t<div class=\"wpb_wrapper\">\n\t\t\t<p>La cirug\u00eda ocupa un papel principal en nuestro trabajo del d\u00eda a d\u00eda, realizando una media de 365 intervenciones anuales. Con una larga y demostrada experiencia en cirug\u00eda de tejidos blandos y especializados en anestesia, nuestros resultados y seguridad en el quir\u00f3fano, nos avala. Intervenciones de tejidos blandos, oftalmolog\u00eda, odontolog\u00eda, tanto en perros como en gatos como en animales ex\u00f3ticos.<\/p>\n<p>Nuestra cl\u00ednica dispone de un quir\u00f3fano equipado con todo el instrumental quir\u00fargico y de monitorizaci\u00f3n, adecuados. Para que las cirug\u00edas sean un \u00e9xito, se realiza previamente un examen preanest\u00e9sico, que consiste en una radiograf\u00eda de torax y una anal\u00edtica sangu\u00ednea. Este chequeo tiene como finalidad valorar el estado general del animal y adaptar los protocolos anest\u00e9sicos, individualizados para cada caso, dependiendo de su raza, edad, car\u00e1cter, peso y enfermedades que padezca.<\/p>\n<p>La analgesia es una de nuestras mayores preocupaciones despu\u00e9s de una cirug\u00eda, pues la existencia de dolor puede retrasar o malograr el \u00e9xito de una intervenci\u00f3n, es vital para una mejor recuperaci\u00f3n.<\/p>\n\n\t\t<\/div> \n\t<\/div> \t<div class=\"vc_empty_space\"  style=\"height: 32px\" ><span\n\t\t\tclass=\"vc_empty_space_inner\">\n\t\t\t<span class=\"empty_space_image\"  ><\/span>\n\t\t<\/span><\/div>\n\n\n\t<div class=\"wpb_text_column wpb_content_element\">\n\t\t<div class=\"wpb_wrapper\">\n\t\t\t<p style=\"text-align: justify;\"><strong><u>ESTERILIZACI\u00d3N\/CASTRACI\u00d3N<\/u><\/strong><\/p>\n<p style=\"text-align: justify;\">\u00a0\u00a0\u00a0\u00a0\u00a0\u00a0\u00a0\u00a0 Es el \u00fanico m\u00e9todo \u00e9tico, pr\u00e1ctico, econ\u00f3mico, eficaz y definitivo para controlar la superpoblaci\u00f3n de animales dom\u00e9sticos. Un animal esterilizado es m\u00e1s casero, m\u00e1s saludable, m\u00e1s feliz, m\u00e1s longevo y menos agresivo.<\/p>\n<p style=\"text-align: left;\">\u00a0\u00a0\u00a0\u00a0\u00a0\u00a0\u00a0\u00a0\u00a0\u00a0\u00a0 Est\u00e1 comprobado que los animales esterilizados viven m\u00e1s y mejor. Ayuda a detener la superpoblaci\u00f3n de animales, las perreras est\u00e1n sobresaturadas y los animales son sacrificados por falta de espacio; no contribuyamos a aumentar su n\u00famero, adem\u00e1s de evitar el abandono de mascotas no deseadas.<\/p>\n<p style=\"text-align: left;\">\u00a0\u00a0\u00a0\u00a0\u00a0\u00a0\u00a0\u00a0\u00a0\u00a0\u00a0 En la <strong>hembra<\/strong> reducen la incidencia de tumores de mama en m\u00e1s de un 90%, evita pseudogestaciones, piometras, mastitis, etc\u2026.siempre recomendamos que se realice incluso antes del primer celo.<\/p>\n<p style=\"text-align: left;\">En el<strong> macho<\/strong>, disminuye la agresividad, micciones no deseadas, escapadas, problemas de comportamiento, nerviosismo, problemas de pr\u00f3stata y tumores del tracto genital. Siempre se recomienda realizar lo m\u00e1s temprano posible, con 7 u 8 meses.<\/p>\n\n\t\t<\/div> \n\t<\/div> <\/div><\/div><\/div><div class=\"wpb_column vc_column_container vc_col-sm-6\"><div class=\"vc_column-inner vc_custom_1641909874503\"><div class=\"wpb_wrapper\">\n\t<div class=\"wpb_single_image wpb_content_element vc_align_center  vc_custom_1642680054637\">\n\t\t<div class=\"wpb_wrapper\">\n\t\t\t\n\t\t\t<div class=\"vc_single_image-wrapper   vc_box_border_grey\"><img fetchpriority=\"high\" decoding=\"async\" width=\"600\" height=\"400\" src=\"https:\/\/animalhouse.es\/wp-content\/uploads\/2022\/01\/A_H_21.jpg\" class=\"vc_single_image-img attachment-full\" alt=\"\" srcset=\"https:\/\/animalhouse.es\/wp-content\/uploads\/2022\/01\/A_H_21.jpg 600w, https:\/\/animalhouse.es\/wp-content\/uploads\/2022\/01\/A_H_21-300x200.jpg 300w\" sizes=\"(max-width: 600px) 100vw, 600px\" \/><\/div>\n\t\t<\/div>\n\t<\/div>\n\n\t<div class=\"wpb_text_column wpb_content_element\">\n\t\t<div class=\"wpb_wrapper\">\n\t\t\t<p><strong>TRAUMATOLOG\u00cdA:<\/strong>\u00a0realizamos todo tipo de cirug\u00eda traumatol\u00f3gica, desde fijadores externos, placas de osteos\u00edntesis, roturas de ligamiento cruzado\u2026contamos con los traumat\u00f3logos de amplia experiencia en esta especialidad.<\/p>\n\n\t\t<\/div> \n\t<\/div> \t<div class=\"vc_empty_space\"  style=\"height: 32px\" ><span\n\t\t\tclass=\"vc_empty_space_inner\">\n\t\t\t<span class=\"empty_space_image\"  ><\/span>\n\t\t<\/span><\/div>\n\n\n\t<div class=\"wpb_text_column wpb_content_element\">\n\t\t<div class=\"wpb_wrapper\">\n\t\t\t<p><strong>CONSEJOS:<\/strong><\/p>\n<ul>\n<li>Anticiparse siempre a procesos quir\u00fargicos que nos deben esperar.<\/li>\n<li>No faltar nunca a las citas de curas y revisiones.<\/li>\n<li>Hacer los tratamientos que establezca el veterinario, sin ninguna excusa.<\/li>\n<li>Para nosotros, la cirug\u00eda no significa riesgo: cirug\u00eda significa soluci\u00f3n.<\/li>\n<\/ul>\n\n\t\t<\/div> \n\t<\/div> <\/div><\/div><\/div><\/div><\/div><div      class=\"vc_row wpb_row section vc_row-fluid\" style=' text-align:left;'><div class=\"full_section_inner clearfix\"><div class=\"wpb_column vc_column_container vc_col-sm-12\"><div class=\"vc_column-inner\"><div class=\"wpb_wrapper\">\t<div class=\"vc_empty_space\"  style=\"height: 50px\" ><span\n\t\t\tclass=\"vc_empty_space_inner\">\n\t\t\t<span class=\"empty_space_image\"  ><\/span>\n\t\t<\/span><\/div>\n\n<\/div><\/div><\/div><\/div><\/div>","protected":false},"excerpt":{"rendered":"La cirug\u00eda ocupa un papel principal en nuestro trabajo del d\u00eda a d\u00eda, realizando una media de 365 intervenciones anuales. Con una larga y demostrada experiencia en cirug\u00eda de tejidos blandos y especializados en anestesia, nuestros resultados y seguridad en el quir\u00f3fano, nos avala. Intervenciones...","protected":false},"author":1,"featured_media":0,"parent":0,"menu_order":0,"comment_status":"closed","ping_status":"closed","template":"","meta":{"_joinchat":[],"footnotes":""},"class_list":["post-16705","page","type-page","status-publish","hentry"],"yoast_head":"<!-- This site is optimized with the Yoast SEO plugin v25.8 - https:\/\/yoast.com\/wordpress\/plugins\/seo\/ -->\n<title>Cirug\u00eda General especializada - Animal House<\/title>\n<meta name=\"robots\" content=\"index, follow, max-snippet:-1, max-image-preview:large, max-video-preview:-1\" \/>\n<link rel=\"canonical\" href=\"https:\/\/animalhouse.es\/en\/cirugia-general-y-especializada\/\" \/>\n<meta property=\"og:locale\" content=\"en_GB\" \/>\n<meta property=\"og:type\" content=\"article\" \/>\n<meta property=\"og:title\" content=\"Cirug\u00eda General especializada - Animal House\" \/>\n<meta property=\"og:url\" content=\"https:\/\/animalhouse.es\/en\/cirugia-general-y-especializada\/\" \/>\n<meta property=\"og:site_name\" content=\"Animal House\" \/>\n<meta property=\"article:publisher\" content=\"https:\/\/www.facebook.com\/p\/Cl%c3%adnica-Veterinaria-Animal-House-100063496242751\/\" \/>\n<meta property=\"article:modified_time\" content=\"2022-01-20T12:00:59+00:00\" \/>\n<meta name=\"twitter:card\" content=\"summary_large_image\" \/>\n<meta name=\"twitter:label1\" content=\"Estimated reading time\" \/>\n\t<meta name=\"twitter:data1\" content=\"2 minutes\" \/>\n<script type=\"application\/ld+json\" class=\"yoast-schema-graph\">{\"@context\":\"https:\/\/schema.org\",\"@graph\":[{\"@type\":\"WebPage\",\"@id\":\"https:\/\/animalhouse.es\/cirugia-general-y-especializada\/\",\"url\":\"https:\/\/animalhouse.es\/cirugia-general-y-especializada\/\",\"name\":\"Cirug\u00eda General especializada - Animal House\",\"isPartOf\":{\"@id\":\"https:\/\/animalhouse.es\/#website\"},\"datePublished\":\"2016-10-16T16:21:06+00:00\",\"dateModified\":\"2022-01-20T12:00:59+00:00\",\"breadcrumb\":{\"@id\":\"https:\/\/animalhouse.es\/cirugia-general-y-especializada\/#breadcrumb\"},\"inLanguage\":\"en-GB\",\"potentialAction\":[{\"@type\":\"ReadAction\",\"target\":[\"https:\/\/animalhouse.es\/cirugia-general-y-especializada\/\"]}]},{\"@type\":\"BreadcrumbList\",\"@id\":\"https:\/\/animalhouse.es\/cirugia-general-y-especializada\/#breadcrumb\",\"itemListElement\":[{\"@type\":\"ListItem\",\"position\":1,\"name\":\"Portada\",\"item\":\"https:\/\/animalhouse.es\/\"},{\"@type\":\"ListItem\",\"position\":2,\"name\":\"Cirug\u00eda General especializada\"}]},{\"@type\":\"WebSite\",\"@id\":\"https:\/\/animalhouse.es\/#website\",\"url\":\"https:\/\/animalhouse.es\/\",\"name\":\"Animal House\",\"description\":\"Cl\u00ednica Veterinaria Marbella\",\"publisher\":{\"@id\":\"https:\/\/animalhouse.es\/#organization\"},\"potentialAction\":[{\"@type\":\"SearchAction\",\"target\":{\"@type\":\"EntryPoint\",\"urlTemplate\":\"https:\/\/animalhouse.es\/?s={search_term_string}\"},\"query-input\":{\"@type\":\"PropertyValueSpecification\",\"valueRequired\":true,\"valueName\":\"search_term_string\"}}],\"inLanguage\":\"en-GB\"},{\"@type\":\"Organization\",\"@id\":\"https:\/\/animalhouse.es\/#organization\",\"name\":\"Cl\u00ednica veterinaria Animal House\",\"url\":\"https:\/\/animalhouse.es\/\",\"logo\":{\"@type\":\"ImageObject\",\"inLanguage\":\"en-GB\",\"@id\":\"https:\/\/animalhouse.es\/#\/schema\/logo\/image\/\",\"url\":\"https:\/\/animalhouse.es\/wp-content\/uploads\/2017\/03\/slider-1.jpg\",\"contentUrl\":\"https:\/\/animalhouse.es\/wp-content\/uploads\/2017\/03\/slider-1.jpg\",\"width\":1200,\"height\":850,\"caption\":\"Cl\u00ednica veterinaria Animal House\"},\"image\":{\"@id\":\"https:\/\/animalhouse.es\/#\/schema\/logo\/image\/\"},\"sameAs\":[\"https:\/\/www.facebook.com\/p\/Cl\u00ednica-Veterinaria-Animal-House-100063496242751\/\"]}]}<\/script>\n<!-- \/ Yoast SEO plugin. -->","yoast_head_json":{"title":"Cirug\u00eda General especializada - Animal House","robots":{"index":"index","follow":"follow","max-snippet":"max-snippet:-1","max-image-preview":"max-image-preview:large","max-video-preview":"max-video-preview:-1"},"canonical":"https:\/\/animalhouse.es\/en\/cirugia-general-y-especializada\/","og_locale":"en_GB","og_type":"article","og_title":"Cirug\u00eda General especializada - Animal House","og_url":"https:\/\/animalhouse.es\/en\/cirugia-general-y-especializada\/","og_site_name":"Animal House","article_publisher":"https:\/\/www.facebook.com\/p\/Cl%c3%adnica-Veterinaria-Animal-House-100063496242751\/","article_modified_time":"2022-01-20T12:00:59+00:00","twitter_card":"summary_large_image","twitter_misc":{"Estimated reading time":"2 minutes"},"schema":{"@context":"https:\/\/schema.org","@graph":[{"@type":"WebPage","@id":"https:\/\/animalhouse.es\/cirugia-general-y-especializada\/","url":"https:\/\/animalhouse.es\/cirugia-general-y-especializada\/","name":"Cirug\u00eda General especializada - Animal House","isPartOf":{"@id":"https:\/\/animalhouse.es\/#website"},"datePublished":"2016-10-16T16:21:06+00:00","dateModified":"2022-01-20T12:00:59+00:00","breadcrumb":{"@id":"https:\/\/animalhouse.es\/cirugia-general-y-especializada\/#breadcrumb"},"inLanguage":"en-GB","potentialAction":[{"@type":"ReadAction","target":["https:\/\/animalhouse.es\/cirugia-general-y-especializada\/"]}]},{"@type":"BreadcrumbList","@id":"https:\/\/animalhouse.es\/cirugia-general-y-especializada\/#breadcrumb","itemListElement":[{"@type":"ListItem","position":1,"name":"Portada","item":"https:\/\/animalhouse.es\/"},{"@type":"ListItem","position":2,"name":"Cirug\u00eda General especializada"}]},{"@type":"WebSite","@id":"https:\/\/animalhouse.es\/#website","url":"https:\/\/animalhouse.es\/","name":"Animal House","description":"Cl\u00ednica Veterinaria Marbella","publisher":{"@id":"https:\/\/animalhouse.es\/#organization"},"potentialAction":[{"@type":"SearchAction","target":{"@type":"EntryPoint","urlTemplate":"https:\/\/animalhouse.es\/?s={search_term_string}"},"query-input":{"@type":"PropertyValueSpecification","valueRequired":true,"valueName":"search_term_string"}}],"inLanguage":"en-GB"},{"@type":"Organization","@id":"https:\/\/animalhouse.es\/#organization","name":"Cl\u00ednica veterinaria Animal House","url":"https:\/\/animalhouse.es\/","logo":{"@type":"ImageObject","inLanguage":"en-GB","@id":"https:\/\/animalhouse.es\/#\/schema\/logo\/image\/","url":"https:\/\/animalhouse.es\/wp-content\/uploads\/2017\/03\/slider-1.jpg","contentUrl":"https:\/\/animalhouse.es\/wp-content\/uploads\/2017\/03\/slider-1.jpg","width":1200,"height":850,"caption":"Cl\u00ednica veterinaria Animal House"},"image":{"@id":"https:\/\/animalhouse.es\/#\/schema\/logo\/image\/"},"sameAs":["https:\/\/www.facebook.com\/p\/Cl\u00ednica-Veterinaria-Animal-House-100063496242751\/"]}]}},"_links":{"self":[{"href":"https:\/\/animalhouse.es\/en\/wp-json\/wp\/v2\/pages\/16705","targetHints":{"allow":["GET"]}}],"collection":[{"href":"https:\/\/animalhouse.es\/en\/wp-json\/wp\/v2\/pages"}],"about":[{"href":"https:\/\/animalhouse.es\/en\/wp-json\/wp\/v2\/types\/page"}],"author":[{"embeddable":true,"href":"https:\/\/animalhouse.es\/en\/wp-json\/wp\/v2\/users\/1"}],"replies":[{"embeddable":true,"href":"https:\/\/animalhouse.es\/en\/wp-json\/wp\/v2\/comments?post=16705"}],"version-history":[{"count":113,"href":"https:\/\/animalhouse.es\/en\/wp-json\/wp\/v2\/pages\/16705\/revisions"}],"predecessor-version":[{"id":17847,"href":"https:\/\/animalhouse.es\/en\/wp-json\/wp\/v2\/pages\/16705\/revisions\/17847"}],"wp:attachment":[{"href":"https:\/\/animalhouse.es\/en\/wp-json\/wp\/v2\/media?parent=16705"}],"curies":[{"name":"wp","href":"https:\/\/api.w.org\/{rel}","templated":true}]}}