{"id":16782,"date":"2016-10-16T19:13:06","date_gmt":"2016-10-16T18:13:06","guid":{"rendered":"http:\/\/animalhouse.es\/?page_id=16782"},"modified":"2022-09-12T16:52:09","modified_gmt":"2022-09-12T15:52:09","slug":"radiologia-digital","status":"publish","type":"page","link":"https:\/\/animalhouse.es\/en\/radiologia-digital\/","title":{"rendered":"Radiograf\u00eda Digital"},"content":{"rendered":"<div      class=\"vc_row wpb_row section vc_row-fluid  vc_custom_1641910175999\" style=' text-align:left;'><div class=\"full_section_inner clearfix\"><div class=\"wpb_column vc_column_container vc_col-sm-12\"><div class=\"vc_column-inner\"><div class=\"wpb_wrapper\">\n\t<div class=\"wpb_text_column wpb_content_element\">\n\t\t<div class=\"wpb_wrapper\">\n\t\t\t<p class=\"p1\" style=\"text-align: justify;\">Contamos con un equipo de radiolog\u00eda digital que nos permite obtener im\u00e1genes radiol\u00f3gicas de alta calidad en poco tiempo, lo que nos implica un avance en el diagn\u00f3stico. La equipaci\u00f3n usa chasis que incluyen pantalla de f\u00f3sforo sobre las cuales se dispara la radiograf\u00eda ,una unidad de esc\u00e1ner se encarga de leer la pantalla y luego la borra dej\u00e1ndola lista para el siguiente disparo, una vez procesada la informaci\u00f3n obtenida del esc\u00e1ner, podemos ver la imagen en nuestro monitor de alta resoluci\u00f3n. Estas radiograf\u00eda se almacenan en los ordenadores de nuestro centro y pueden ser consultadas en cualquier momento.<\/p>\n\n\t\t<\/div> \n\t<\/div> \t<div class=\"vc_empty_space\"  style=\"height: 32px\" ><span\n\t\t\tclass=\"vc_empty_space_inner\">\n\t\t\t<span class=\"empty_space_image\"  ><\/span>\n\t\t<\/span><\/div>\n\n\n\t<div class=\"wpb_text_column wpb_content_element\">\n\t\t<div class=\"wpb_wrapper\">\n\t\t\t<p>El uso de radiograf\u00eda digital supone muchas ventajas:<\/p>\n<ul>\n<li>Se\u00a0elimina el uso de l\u00edquidos de revelado tan contaminantes para el medio ambiente.<\/li>\n<li>Es un sistema m\u00e1s r\u00e1pido, m\u00e1s fiable y las im\u00e1genes son de mayor calidad.<\/li>\n<li>Al ser im\u00e1genes digitales podemos modificarlas mediante el Software espec\u00edfico que llevan los visualizadores y variar muchos par\u00e1metros (tonos de grises, brillo, saturaci\u00f3n, ampliar zonas, hacer mediciones, etc\u2026esto nos permite llegar mejor al diagn\u00f3stico.<\/li>\n<li>Las im\u00e1genes se pueden grabar en un CD para que el propietario se las pueda llevar , se pueden enviar por email, etc<\/li>\n<\/ul>\n\n\t\t<\/div> \n\t<\/div> \t<div class=\"vc_empty_space\"  style=\"height: 32px\" ><span\n\t\t\tclass=\"vc_empty_space_inner\">\n\t\t\t<span class=\"empty_space_image\"  ><\/span>\n\t\t<\/span><\/div>\n\n<div class=\"wpb_gallery wpb_content_element vc_clearfix\"><div class=\"wpb_wrapper\"><div class=\"wpb_gallery_slides wpb_image_grid\" data-interval=\"3\"><div class=\"gallery_holder\"><ul class=\"gallery_inner gallery_with_space  v2\"><li class=\"no_grayscale\"><a itemprop=\"image\" class=\"qode-prettyphoto\" href=\"https:\/\/animalhouse.es\/wp-content\/uploads\/2022\/02\/1645197660196-1024x769.jpg\" data-rel=\"prettyPhoto[rel-16782-730663273]\"><span class=\"gallery_hover\"><i class=\"fa fa-search\"><\/i><\/span><img fetchpriority=\"high\" decoding=\"async\" width=\"2560\" height=\"1922\" src=\"https:\/\/animalhouse.es\/wp-content\/uploads\/2022\/02\/1645197660196-scaled.jpg\" class=\"attachment-full\" alt=\"\" srcset=\"https:\/\/animalhouse.es\/wp-content\/uploads\/2022\/02\/1645197660196-scaled.jpg 2560w, https:\/\/animalhouse.es\/wp-content\/uploads\/2022\/02\/1645197660196-300x225.jpg 300w, https:\/\/animalhouse.es\/wp-content\/uploads\/2022\/02\/1645197660196-1024x769.jpg 1024w, https:\/\/animalhouse.es\/wp-content\/uploads\/2022\/02\/1645197660196-768x577.jpg 768w, https:\/\/animalhouse.es\/wp-content\/uploads\/2022\/02\/1645197660196-1536x1153.jpg 1536w, https:\/\/animalhouse.es\/wp-content\/uploads\/2022\/02\/1645197660196-2048x1538.jpg 2048w, https:\/\/animalhouse.es\/wp-content\/uploads\/2022\/02\/1645197660196-800x600.jpg 800w, https:\/\/animalhouse.es\/wp-content\/uploads\/2022\/02\/1645197660196-700x526.jpg 700w\" sizes=\"(max-width: 2560px) 100vw, 2560px\" \/><\/a><\/li><li class=\"no_grayscale\"><a itemprop=\"image\" class=\"qode-prettyphoto\" href=\"https:\/\/animalhouse.es\/wp-content\/uploads\/2022\/02\/1645197660184-1024x769.jpg\" data-rel=\"prettyPhoto[rel-16782-730663273]\"><span class=\"gallery_hover\"><i class=\"fa fa-search\"><\/i><\/span><img decoding=\"async\" width=\"2560\" height=\"1922\" src=\"https:\/\/animalhouse.es\/wp-content\/uploads\/2022\/02\/1645197660184-scaled.jpg\" class=\"attachment-full\" alt=\"\" srcset=\"https:\/\/animalhouse.es\/wp-content\/uploads\/2022\/02\/1645197660184-scaled.jpg 2560w, https:\/\/animalhouse.es\/wp-content\/uploads\/2022\/02\/1645197660184-300x225.jpg 300w, https:\/\/animalhouse.es\/wp-content\/uploads\/2022\/02\/1645197660184-1024x769.jpg 1024w, https:\/\/animalhouse.es\/wp-content\/uploads\/2022\/02\/1645197660184-768x577.jpg 768w, https:\/\/animalhouse.es\/wp-content\/uploads\/2022\/02\/1645197660184-1536x1153.jpg 1536w, https:\/\/animalhouse.es\/wp-content\/uploads\/2022\/02\/1645197660184-2048x1538.jpg 2048w, https:\/\/animalhouse.es\/wp-content\/uploads\/2022\/02\/1645197660184-800x600.jpg 800w, https:\/\/animalhouse.es\/wp-content\/uploads\/2022\/02\/1645197660184-700x526.jpg 700w\" sizes=\"(max-width: 2560px) 100vw, 2560px\" \/><\/a><\/li><\/ul><\/div><\/div><\/div><\/div><\/div><\/div><\/div><\/div><\/div><div      class=\"vc_row wpb_row section vc_row-fluid\" style=' text-align:left;'><div class=\"full_section_inner clearfix\"><div class=\"wpb_column vc_column_container vc_col-sm-12\"><div class=\"vc_column-inner\"><div class=\"wpb_wrapper\">\t<div class=\"vc_empty_space\"  style=\"height: 50px\" ><span\n\t\t\tclass=\"vc_empty_space_inner\">\n\t\t\t<span class=\"empty_space_image\"  ><\/span>\n\t\t<\/span><\/div>\n\n<\/div><\/div><\/div><\/div><\/div>","protected":false},"excerpt":{"rendered":"Contamos con un equipo de radiolog\u00eda digital que nos permite obtener im\u00e1genes radiol\u00f3gicas de alta calidad en poco tiempo, lo que nos implica un avance en el diagn\u00f3stico. La equipaci\u00f3n usa chasis que incluyen pantalla de f\u00f3sforo sobre las cuales se dispara la radiograf\u00eda ,una...","protected":false},"author":1,"featured_media":0,"parent":0,"menu_order":0,"comment_status":"closed","ping_status":"closed","template":"","meta":{"_joinchat":[],"footnotes":""},"class_list":["post-16782","page","type-page","status-publish","hentry"],"yoast_head":"<!-- This site is optimized with the Yoast SEO plugin v25.8 - https:\/\/yoast.com\/wordpress\/plugins\/seo\/ -->\n<title>Radiograf\u00eda Digital - Animal House<\/title>\n<meta name=\"robots\" content=\"index, follow, max-snippet:-1, max-image-preview:large, max-video-preview:-1\" \/>\n<link rel=\"canonical\" href=\"https:\/\/animalhouse.es\/en\/radiologia-digital\/\" \/>\n<meta property=\"og:locale\" content=\"en_GB\" \/>\n<meta property=\"og:type\" content=\"article\" \/>\n<meta property=\"og:title\" content=\"Radiograf\u00eda Digital - Animal House\" \/>\n<meta property=\"og:url\" content=\"https:\/\/animalhouse.es\/en\/radiologia-digital\/\" \/>\n<meta property=\"og:site_name\" content=\"Animal House\" \/>\n<meta property=\"article:publisher\" content=\"https:\/\/www.facebook.com\/p\/Cl%c3%adnica-Veterinaria-Animal-House-100063496242751\/\" \/>\n<meta property=\"article:modified_time\" content=\"2022-09-12T15:52:09+00:00\" \/>\n<meta name=\"twitter:card\" content=\"summary_large_image\" \/>\n<meta name=\"twitter:label1\" content=\"Estimated reading time\" \/>\n\t<meta name=\"twitter:data1\" content=\"1 minute\" \/>\n<script type=\"application\/ld+json\" class=\"yoast-schema-graph\">{\"@context\":\"https:\/\/schema.org\",\"@graph\":[{\"@type\":\"WebPage\",\"@id\":\"https:\/\/animalhouse.es\/radiologia-digital\/\",\"url\":\"https:\/\/animalhouse.es\/radiologia-digital\/\",\"name\":\"Radiograf\u00eda Digital - Animal House\",\"isPartOf\":{\"@id\":\"https:\/\/animalhouse.es\/#website\"},\"datePublished\":\"2016-10-16T18:13:06+00:00\",\"dateModified\":\"2022-09-12T15:52:09+00:00\",\"breadcrumb\":{\"@id\":\"https:\/\/animalhouse.es\/radiologia-digital\/#breadcrumb\"},\"inLanguage\":\"en-GB\",\"potentialAction\":[{\"@type\":\"ReadAction\",\"target\":[\"https:\/\/animalhouse.es\/radiologia-digital\/\"]}]},{\"@type\":\"BreadcrumbList\",\"@id\":\"https:\/\/animalhouse.es\/radiologia-digital\/#breadcrumb\",\"itemListElement\":[{\"@type\":\"ListItem\",\"position\":1,\"name\":\"Portada\",\"item\":\"https:\/\/animalhouse.es\/\"},{\"@type\":\"ListItem\",\"position\":2,\"name\":\"Radiograf\u00eda Digital\"}]},{\"@type\":\"WebSite\",\"@id\":\"https:\/\/animalhouse.es\/#website\",\"url\":\"https:\/\/animalhouse.es\/\",\"name\":\"Animal House\",\"description\":\"Cl\u00ednica Veterinaria Marbella\",\"publisher\":{\"@id\":\"https:\/\/animalhouse.es\/#organization\"},\"potentialAction\":[{\"@type\":\"SearchAction\",\"target\":{\"@type\":\"EntryPoint\",\"urlTemplate\":\"https:\/\/animalhouse.es\/?s={search_term_string}\"},\"query-input\":{\"@type\":\"PropertyValueSpecification\",\"valueRequired\":true,\"valueName\":\"search_term_string\"}}],\"inLanguage\":\"en-GB\"},{\"@type\":\"Organization\",\"@id\":\"https:\/\/animalhouse.es\/#organization\",\"name\":\"Cl\u00ednica veterinaria Animal House\",\"url\":\"https:\/\/animalhouse.es\/\",\"logo\":{\"@type\":\"ImageObject\",\"inLanguage\":\"en-GB\",\"@id\":\"https:\/\/animalhouse.es\/#\/schema\/logo\/image\/\",\"url\":\"https:\/\/animalhouse.es\/wp-content\/uploads\/2017\/03\/slider-1.jpg\",\"contentUrl\":\"https:\/\/animalhouse.es\/wp-content\/uploads\/2017\/03\/slider-1.jpg\",\"width\":1200,\"height\":850,\"caption\":\"Cl\u00ednica veterinaria Animal House\"},\"image\":{\"@id\":\"https:\/\/animalhouse.es\/#\/schema\/logo\/image\/\"},\"sameAs\":[\"https:\/\/www.facebook.com\/p\/Cl\u00ednica-Veterinaria-Animal-House-100063496242751\/\"]}]}<\/script>\n<!-- \/ Yoast SEO plugin. -->","yoast_head_json":{"title":"Radiograf\u00eda Digital - Animal House","robots":{"index":"index","follow":"follow","max-snippet":"max-snippet:-1","max-image-preview":"max-image-preview:large","max-video-preview":"max-video-preview:-1"},"canonical":"https:\/\/animalhouse.es\/en\/radiologia-digital\/","og_locale":"en_GB","og_type":"article","og_title":"Radiograf\u00eda Digital - Animal House","og_url":"https:\/\/animalhouse.es\/en\/radiologia-digital\/","og_site_name":"Animal House","article_publisher":"https:\/\/www.facebook.com\/p\/Cl%c3%adnica-Veterinaria-Animal-House-100063496242751\/","article_modified_time":"2022-09-12T15:52:09+00:00","twitter_card":"summary_large_image","twitter_misc":{"Estimated reading time":"1 minute"},"schema":{"@context":"https:\/\/schema.org","@graph":[{"@type":"WebPage","@id":"https:\/\/animalhouse.es\/radiologia-digital\/","url":"https:\/\/animalhouse.es\/radiologia-digital\/","name":"Radiograf\u00eda Digital - Animal House","isPartOf":{"@id":"https:\/\/animalhouse.es\/#website"},"datePublished":"2016-10-16T18:13:06+00:00","dateModified":"2022-09-12T15:52:09+00:00","breadcrumb":{"@id":"https:\/\/animalhouse.es\/radiologia-digital\/#breadcrumb"},"inLanguage":"en-GB","potentialAction":[{"@type":"ReadAction","target":["https:\/\/animalhouse.es\/radiologia-digital\/"]}]},{"@type":"BreadcrumbList","@id":"https:\/\/animalhouse.es\/radiologia-digital\/#breadcrumb","itemListElement":[{"@type":"ListItem","position":1,"name":"Portada","item":"https:\/\/animalhouse.es\/"},{"@type":"ListItem","position":2,"name":"Radiograf\u00eda Digital"}]},{"@type":"WebSite","@id":"https:\/\/animalhouse.es\/#website","url":"https:\/\/animalhouse.es\/","name":"Animal House","description":"Cl\u00ednica Veterinaria Marbella","publisher":{"@id":"https:\/\/animalhouse.es\/#organization"},"potentialAction":[{"@type":"SearchAction","target":{"@type":"EntryPoint","urlTemplate":"https:\/\/animalhouse.es\/?s={search_term_string}"},"query-input":{"@type":"PropertyValueSpecification","valueRequired":true,"valueName":"search_term_string"}}],"inLanguage":"en-GB"},{"@type":"Organization","@id":"https:\/\/animalhouse.es\/#organization","name":"Cl\u00ednica veterinaria Animal House","url":"https:\/\/animalhouse.es\/","logo":{"@type":"ImageObject","inLanguage":"en-GB","@id":"https:\/\/animalhouse.es\/#\/schema\/logo\/image\/","url":"https:\/\/animalhouse.es\/wp-content\/uploads\/2017\/03\/slider-1.jpg","contentUrl":"https:\/\/animalhouse.es\/wp-content\/uploads\/2017\/03\/slider-1.jpg","width":1200,"height":850,"caption":"Cl\u00ednica veterinaria Animal House"},"image":{"@id":"https:\/\/animalhouse.es\/#\/schema\/logo\/image\/"},"sameAs":["https:\/\/www.facebook.com\/p\/Cl\u00ednica-Veterinaria-Animal-House-100063496242751\/"]}]}},"_links":{"self":[{"href":"https:\/\/animalhouse.es\/en\/wp-json\/wp\/v2\/pages\/16782","targetHints":{"allow":["GET"]}}],"collection":[{"href":"https:\/\/animalhouse.es\/en\/wp-json\/wp\/v2\/pages"}],"about":[{"href":"https:\/\/animalhouse.es\/en\/wp-json\/wp\/v2\/types\/page"}],"author":[{"embeddable":true,"href":"https:\/\/animalhouse.es\/en\/wp-json\/wp\/v2\/users\/1"}],"replies":[{"embeddable":true,"href":"https:\/\/animalhouse.es\/en\/wp-json\/wp\/v2\/comments?post=16782"}],"version-history":[{"count":26,"href":"https:\/\/animalhouse.es\/en\/wp-json\/wp\/v2\/pages\/16782\/revisions"}],"predecessor-version":[{"id":17897,"href":"https:\/\/animalhouse.es\/en\/wp-json\/wp\/v2\/pages\/16782\/revisions\/17897"}],"wp:attachment":[{"href":"https:\/\/animalhouse.es\/en\/wp-json\/wp\/v2\/media?parent=16782"}],"curies":[{"name":"wp","href":"https:\/\/api.w.org\/{rel}","templated":true}]}}