{"id":16851,"date":"2016-10-23T09:52:06","date_gmt":"2016-10-23T08:52:06","guid":{"rendered":"http:\/\/animalhouse.es\/?page_id=16851"},"modified":"2022-03-07T12:02:16","modified_gmt":"2022-03-07T11:02:16","slug":"ecografia-y-ecocardiografia","status":"publish","type":"page","link":"https:\/\/animalhouse.es\/en\/ecografia-y-ecocardiografia\/","title":{"rendered":"Ecograf\u00eda"},"content":{"rendered":"<div      class=\"vc_row wpb_row section vc_row-fluid  vc_custom_1641910051264\" style=' text-align:left;'><div class=\"full_section_inner clearfix\"><div class=\"wpb_column vc_column_container vc_col-sm-6\"><div class=\"vc_column-inner\"><div class=\"wpb_wrapper\">\n\t<div class=\"wpb_single_image wpb_content_element vc_align_left\">\n\t\t<div class=\"wpb_wrapper\">\n\t\t\t\n\t\t\t<div class=\"vc_single_image-wrapper   vc_box_border_grey\"><img fetchpriority=\"high\" decoding=\"async\" class=\"vc_single_image-img\" src=\"https:\/\/animalhouse.es\/wp-content\/uploads\/2022\/02\/1645208585298-scaled-900x600.jpg\" width=\"900\" height=\"600\" alt=\"1645208585298\" title=\"1645208585298\" \/><\/div>\n\t\t<\/div>\n\t<\/div>\n<\/div><\/div><\/div><div class=\"wpb_column vc_column_container vc_col-sm-6\"><div class=\"vc_column-inner\"><div class=\"wpb_wrapper\">\n\t<div class=\"wpb_text_column wpb_content_element\">\n\t\t<div class=\"wpb_wrapper\">\n\t\t\t<p>La ecograf\u00eda, ultrasonograf\u00eda o ecosonograf\u00eda es un procedimiento de imagenolog\u00eda que emplea los ecos de una emisi\u00f3n de ultrasonidos dirigida sobre un cuerpo u objeto como fuente de datos para formar una imagen de los \u00f3rganos o masas internas con fines diagn\u00f3sticos.<\/p>\n<p>En el Centro Veterinario Animal House contamos con un equipo ecogr\u00e1fico de \u00faltima generaci\u00f3n, as\u00ed como con veterinarios especializados concretamente en esa \u00e1rea para poder darle un servicio de calidad.<\/p>\n<p>Nuestro ec\u00f3grafo nos permite diagn\u00f3stico temprano de piometras, c\u00e1lculos urinarios, diagn\u00f3stico temprano de gestaci\u00f3n, etc<\/p>\n\n\t\t<\/div> \n\t<\/div> <\/div><\/div><\/div><\/div><\/div><div      class=\"vc_row wpb_row section vc_row-fluid\" style=' text-align:left;'><div class=\"full_section_inner clearfix\"><div class=\"wpb_column vc_column_container vc_col-sm-12\"><div class=\"vc_column-inner\"><div class=\"wpb_wrapper\"><div class=\"separator  transparent\" style=\"\"><\/div>\n<\/div><\/div><\/div><\/div><\/div><div      class=\"vc_row wpb_row section vc_row-fluid\" style=' text-align:left;'><div class=\"full_section_inner clearfix\"><div class=\"wpb_column vc_column_container vc_col-sm-6\"><div class=\"vc_column-inner\"><div class=\"wpb_wrapper\"><div class=\"separator  transparent\" style=\"\"><\/div>\n<\/div><\/div><\/div><div class=\"wpb_column vc_column_container vc_col-sm-6\"><div class=\"vc_column-inner\"><div class=\"wpb_wrapper\"><\/div><\/div><\/div><\/div><\/div>","protected":false},"excerpt":{"rendered":"La ecograf\u00eda, ultrasonograf\u00eda o ecosonograf\u00eda es un procedimiento de imagenolog\u00eda que emplea los ecos de una emisi\u00f3n de ultrasonidos dirigida sobre un cuerpo u objeto como fuente de datos para formar una imagen de los \u00f3rganos o masas internas con fines diagn\u00f3sticos. En el Centro...","protected":false},"author":1,"featured_media":0,"parent":0,"menu_order":0,"comment_status":"closed","ping_status":"closed","template":"","meta":{"_joinchat":[],"footnotes":""},"class_list":["post-16851","page","type-page","status-publish","hentry"],"yoast_head":"<!-- This site is optimized with the Yoast SEO plugin v25.8 - https:\/\/yoast.com\/wordpress\/plugins\/seo\/ -->\n<title>Ecograf\u00eda - Animal House<\/title>\n<meta name=\"robots\" content=\"index, follow, max-snippet:-1, max-image-preview:large, max-video-preview:-1\" \/>\n<link rel=\"canonical\" href=\"https:\/\/animalhouse.es\/en\/ecografia-y-ecocardiografia\/\" \/>\n<meta property=\"og:locale\" content=\"en_GB\" \/>\n<meta property=\"og:type\" content=\"article\" \/>\n<meta property=\"og:title\" content=\"Ecograf\u00eda - Animal House\" \/>\n<meta property=\"og:url\" content=\"https:\/\/animalhouse.es\/en\/ecografia-y-ecocardiografia\/\" \/>\n<meta property=\"og:site_name\" content=\"Animal House\" \/>\n<meta property=\"article:publisher\" content=\"https:\/\/www.facebook.com\/p\/Cl%c3%adnica-Veterinaria-Animal-House-100063496242751\/\" \/>\n<meta property=\"article:modified_time\" content=\"2022-03-07T11:02:16+00:00\" \/>\n<meta name=\"twitter:card\" content=\"summary_large_image\" \/>\n<meta name=\"twitter:label1\" content=\"Estimated reading time\" \/>\n\t<meta name=\"twitter:data1\" content=\"1 minute\" \/>\n<script type=\"application\/ld+json\" class=\"yoast-schema-graph\">{\"@context\":\"https:\/\/schema.org\",\"@graph\":[{\"@type\":\"WebPage\",\"@id\":\"https:\/\/animalhouse.es\/ecografia-y-ecocardiografia\/\",\"url\":\"https:\/\/animalhouse.es\/ecografia-y-ecocardiografia\/\",\"name\":\"Ecograf\u00eda - Animal House\",\"isPartOf\":{\"@id\":\"https:\/\/animalhouse.es\/#website\"},\"datePublished\":\"2016-10-23T08:52:06+00:00\",\"dateModified\":\"2022-03-07T11:02:16+00:00\",\"breadcrumb\":{\"@id\":\"https:\/\/animalhouse.es\/ecografia-y-ecocardiografia\/#breadcrumb\"},\"inLanguage\":\"en-GB\",\"potentialAction\":[{\"@type\":\"ReadAction\",\"target\":[\"https:\/\/animalhouse.es\/ecografia-y-ecocardiografia\/\"]}]},{\"@type\":\"BreadcrumbList\",\"@id\":\"https:\/\/animalhouse.es\/ecografia-y-ecocardiografia\/#breadcrumb\",\"itemListElement\":[{\"@type\":\"ListItem\",\"position\":1,\"name\":\"Portada\",\"item\":\"https:\/\/animalhouse.es\/\"},{\"@type\":\"ListItem\",\"position\":2,\"name\":\"Ecograf\u00eda\"}]},{\"@type\":\"WebSite\",\"@id\":\"https:\/\/animalhouse.es\/#website\",\"url\":\"https:\/\/animalhouse.es\/\",\"name\":\"Animal House\",\"description\":\"Cl\u00ednica Veterinaria Marbella\",\"publisher\":{\"@id\":\"https:\/\/animalhouse.es\/#organization\"},\"potentialAction\":[{\"@type\":\"SearchAction\",\"target\":{\"@type\":\"EntryPoint\",\"urlTemplate\":\"https:\/\/animalhouse.es\/?s={search_term_string}\"},\"query-input\":{\"@type\":\"PropertyValueSpecification\",\"valueRequired\":true,\"valueName\":\"search_term_string\"}}],\"inLanguage\":\"en-GB\"},{\"@type\":\"Organization\",\"@id\":\"https:\/\/animalhouse.es\/#organization\",\"name\":\"Cl\u00ednica veterinaria Animal House\",\"url\":\"https:\/\/animalhouse.es\/\",\"logo\":{\"@type\":\"ImageObject\",\"inLanguage\":\"en-GB\",\"@id\":\"https:\/\/animalhouse.es\/#\/schema\/logo\/image\/\",\"url\":\"https:\/\/animalhouse.es\/wp-content\/uploads\/2017\/03\/slider-1.jpg\",\"contentUrl\":\"https:\/\/animalhouse.es\/wp-content\/uploads\/2017\/03\/slider-1.jpg\",\"width\":1200,\"height\":850,\"caption\":\"Cl\u00ednica veterinaria Animal House\"},\"image\":{\"@id\":\"https:\/\/animalhouse.es\/#\/schema\/logo\/image\/\"},\"sameAs\":[\"https:\/\/www.facebook.com\/p\/Cl\u00ednica-Veterinaria-Animal-House-100063496242751\/\"]}]}<\/script>\n<!-- \/ Yoast SEO plugin. -->","yoast_head_json":{"title":"Ecograf\u00eda - Animal House","robots":{"index":"index","follow":"follow","max-snippet":"max-snippet:-1","max-image-preview":"max-image-preview:large","max-video-preview":"max-video-preview:-1"},"canonical":"https:\/\/animalhouse.es\/en\/ecografia-y-ecocardiografia\/","og_locale":"en_GB","og_type":"article","og_title":"Ecograf\u00eda - Animal House","og_url":"https:\/\/animalhouse.es\/en\/ecografia-y-ecocardiografia\/","og_site_name":"Animal House","article_publisher":"https:\/\/www.facebook.com\/p\/Cl%c3%adnica-Veterinaria-Animal-House-100063496242751\/","article_modified_time":"2022-03-07T11:02:16+00:00","twitter_card":"summary_large_image","twitter_misc":{"Estimated reading time":"1 minute"},"schema":{"@context":"https:\/\/schema.org","@graph":[{"@type":"WebPage","@id":"https:\/\/animalhouse.es\/ecografia-y-ecocardiografia\/","url":"https:\/\/animalhouse.es\/ecografia-y-ecocardiografia\/","name":"Ecograf\u00eda - Animal House","isPartOf":{"@id":"https:\/\/animalhouse.es\/#website"},"datePublished":"2016-10-23T08:52:06+00:00","dateModified":"2022-03-07T11:02:16+00:00","breadcrumb":{"@id":"https:\/\/animalhouse.es\/ecografia-y-ecocardiografia\/#breadcrumb"},"inLanguage":"en-GB","potentialAction":[{"@type":"ReadAction","target":["https:\/\/animalhouse.es\/ecografia-y-ecocardiografia\/"]}]},{"@type":"BreadcrumbList","@id":"https:\/\/animalhouse.es\/ecografia-y-ecocardiografia\/#breadcrumb","itemListElement":[{"@type":"ListItem","position":1,"name":"Portada","item":"https:\/\/animalhouse.es\/"},{"@type":"ListItem","position":2,"name":"Ecograf\u00eda"}]},{"@type":"WebSite","@id":"https:\/\/animalhouse.es\/#website","url":"https:\/\/animalhouse.es\/","name":"Animal House","description":"Cl\u00ednica Veterinaria Marbella","publisher":{"@id":"https:\/\/animalhouse.es\/#organization"},"potentialAction":[{"@type":"SearchAction","target":{"@type":"EntryPoint","urlTemplate":"https:\/\/animalhouse.es\/?s={search_term_string}"},"query-input":{"@type":"PropertyValueSpecification","valueRequired":true,"valueName":"search_term_string"}}],"inLanguage":"en-GB"},{"@type":"Organization","@id":"https:\/\/animalhouse.es\/#organization","name":"Cl\u00ednica veterinaria Animal House","url":"https:\/\/animalhouse.es\/","logo":{"@type":"ImageObject","inLanguage":"en-GB","@id":"https:\/\/animalhouse.es\/#\/schema\/logo\/image\/","url":"https:\/\/animalhouse.es\/wp-content\/uploads\/2017\/03\/slider-1.jpg","contentUrl":"https:\/\/animalhouse.es\/wp-content\/uploads\/2017\/03\/slider-1.jpg","width":1200,"height":850,"caption":"Cl\u00ednica veterinaria Animal House"},"image":{"@id":"https:\/\/animalhouse.es\/#\/schema\/logo\/image\/"},"sameAs":["https:\/\/www.facebook.com\/p\/Cl\u00ednica-Veterinaria-Animal-House-100063496242751\/"]}]}},"_links":{"self":[{"href":"https:\/\/animalhouse.es\/en\/wp-json\/wp\/v2\/pages\/16851","targetHints":{"allow":["GET"]}}],"collection":[{"href":"https:\/\/animalhouse.es\/en\/wp-json\/wp\/v2\/pages"}],"about":[{"href":"https:\/\/animalhouse.es\/en\/wp-json\/wp\/v2\/types\/page"}],"author":[{"embeddable":true,"href":"https:\/\/animalhouse.es\/en\/wp-json\/wp\/v2\/users\/1"}],"replies":[{"embeddable":true,"href":"https:\/\/animalhouse.es\/en\/wp-json\/wp\/v2\/comments?post=16851"}],"version-history":[{"count":13,"href":"https:\/\/animalhouse.es\/en\/wp-json\/wp\/v2\/pages\/16851\/revisions"}],"predecessor-version":[{"id":17884,"href":"https:\/\/animalhouse.es\/en\/wp-json\/wp\/v2\/pages\/16851\/revisions\/17884"}],"wp:attachment":[{"href":"https:\/\/animalhouse.es\/en\/wp-json\/wp\/v2\/media?parent=16851"}],"curies":[{"name":"wp","href":"https:\/\/api.w.org\/{rel}","templated":true}]}}