{"id":16862,"date":"2016-10-23T10:01:10","date_gmt":"2016-10-23T09:01:10","guid":{"rendered":"http:\/\/animalhouse.es\/?page_id=16862"},"modified":"2022-03-07T12:04:52","modified_gmt":"2022-03-07T11:04:52","slug":"hospitalizacion-y-uci","status":"publish","type":"page","link":"https:\/\/animalhouse.es\/en\/hospitalizacion-y-uci\/","title":{"rendered":"Hospitalizaci\u00f3n y UCI"},"content":{"rendered":"<div      class=\"vc_row wpb_row section vc_row-fluid  vc_custom_1641910617562\" style=' text-align:left;'><div class=\"full_section_inner clearfix\"><div class=\"wpb_column vc_column_container vc_col-sm-12\"><div class=\"vc_column-inner\"><div class=\"wpb_wrapper\">\n\t<div class=\"wpb_text_column wpb_content_element\">\n\t\t<div class=\"wpb_wrapper\">\n\t\t\t<p>A veces es necesario y recomendable hospitalizar a nuestras mascotas; para poder aplicar los tratamientos, fluidoterapia, o por simple vigilancia de los s\u00edntomas.<\/p>\n<p>Contamos con jaulas de acero inoxidables, puesto que es el mejor material para la limpieza y desinfecci\u00f3n de enfermedades v\u00edricas, evitando las baldosas y las porosidad de los azulejos y sus juntas que pueden ser caldo de cultivo para las infecciones.<\/p>\n<p>&nbsp;<\/p>\n<p>Disponemos de l\u00e1mparas de calor para evitar hipotermias, as\u00ed como de una UCI para los casos m\u00e1s cr\u00edticos donde recibir\u00e1n oxigeno, temperatura, humedad y concentraci\u00f3n de iones adecuada.<\/p>\n<p><strong>\u00a0<\/strong><\/p>\n<p class=\"p1\">Servicio de hospitalizaci\u00f3n y cuidados intensivos, en modernas instalaciones, para administrarles las medicaciones necesarias, los fluidos (fluidoterapia), cuidados intensivos en nuestra unidad UCI para casos especiales que necesiten oxigenoterapia, humidificaci\u00f3n, inhaladores, control de iones, calor, etc.<\/p>\n\n\t\t<\/div> \n\t<\/div> <\/div><\/div><\/div><\/div><\/div><div      class=\"vc_row wpb_row section vc_row-fluid\" style=' text-align:left;'><div class=\"full_section_inner clearfix\"><div class=\"wpb_column vc_column_container vc_col-sm-6\"><div class=\"vc_column-inner\"><div class=\"wpb_wrapper\">\n\t<div class=\"wpb_single_image wpb_content_element vc_align_left\">\n\t\t<div class=\"wpb_wrapper\">\n\t\t\t\n\t\t\t<div class=\"vc_single_image-wrapper   vc_box_border_grey\"><img fetchpriority=\"high\" decoding=\"async\" width=\"2560\" height=\"1922\" src=\"https:\/\/animalhouse.es\/wp-content\/uploads\/2022\/02\/1645207454281-scaled.jpg\" class=\"vc_single_image-img attachment-full\" alt=\"\" srcset=\"https:\/\/animalhouse.es\/wp-content\/uploads\/2022\/02\/1645207454281-scaled.jpg 2560w, https:\/\/animalhouse.es\/wp-content\/uploads\/2022\/02\/1645207454281-300x225.jpg 300w, https:\/\/animalhouse.es\/wp-content\/uploads\/2022\/02\/1645207454281-1024x769.jpg 1024w, https:\/\/animalhouse.es\/wp-content\/uploads\/2022\/02\/1645207454281-768x577.jpg 768w, https:\/\/animalhouse.es\/wp-content\/uploads\/2022\/02\/1645207454281-1536x1153.jpg 1536w, https:\/\/animalhouse.es\/wp-content\/uploads\/2022\/02\/1645207454281-2048x1538.jpg 2048w, https:\/\/animalhouse.es\/wp-content\/uploads\/2022\/02\/1645207454281-800x600.jpg 800w, https:\/\/animalhouse.es\/wp-content\/uploads\/2022\/02\/1645207454281-700x526.jpg 700w\" sizes=\"(max-width: 2560px) 100vw, 2560px\" \/><\/div>\n\t\t<\/div>\n\t<\/div>\n<\/div><\/div><\/div><div class=\"wpb_column vc_column_container vc_col-sm-6\"><div class=\"vc_column-inner\"><div class=\"wpb_wrapper\">\n\t<div class=\"wpb_single_image wpb_content_element vc_align_left\">\n\t\t<div class=\"wpb_wrapper\">\n\t\t\t\n\t\t\t<div class=\"vc_single_image-wrapper   vc_box_border_grey\"><img decoding=\"async\" width=\"2560\" height=\"1922\" src=\"https:\/\/animalhouse.es\/wp-content\/uploads\/2022\/02\/1645207454296-scaled.jpg\" class=\"vc_single_image-img attachment-full\" alt=\"\" srcset=\"https:\/\/animalhouse.es\/wp-content\/uploads\/2022\/02\/1645207454296-scaled.jpg 2560w, https:\/\/animalhouse.es\/wp-content\/uploads\/2022\/02\/1645207454296-300x225.jpg 300w, https:\/\/animalhouse.es\/wp-content\/uploads\/2022\/02\/1645207454296-1024x769.jpg 1024w, https:\/\/animalhouse.es\/wp-content\/uploads\/2022\/02\/1645207454296-768x577.jpg 768w, https:\/\/animalhouse.es\/wp-content\/uploads\/2022\/02\/1645207454296-1536x1153.jpg 1536w, https:\/\/animalhouse.es\/wp-content\/uploads\/2022\/02\/1645207454296-2048x1538.jpg 2048w, https:\/\/animalhouse.es\/wp-content\/uploads\/2022\/02\/1645207454296-800x600.jpg 800w, https:\/\/animalhouse.es\/wp-content\/uploads\/2022\/02\/1645207454296-700x526.jpg 700w\" sizes=\"(max-width: 2560px) 100vw, 2560px\" \/><\/div>\n\t\t<\/div>\n\t<\/div>\n<\/div><\/div><\/div><\/div><\/div><div      class=\"vc_row wpb_row section vc_row-fluid\" style=' text-align:left;'><div class=\"full_section_inner clearfix\"><div class=\"wpb_column vc_column_container vc_col-sm-12\"><div class=\"vc_column-inner\"><div class=\"wpb_wrapper\"><div class=\"separator  normal\" style=\"\"><\/div>\n<\/div><\/div><\/div><\/div><\/div>","protected":false},"excerpt":{"rendered":"A veces es necesario y recomendable hospitalizar a nuestras mascotas; para poder aplicar los tratamientos, fluidoterapia, o por simple vigilancia de los s\u00edntomas. Contamos con jaulas de acero inoxidables, puesto que es el mejor material para la limpieza y desinfecci\u00f3n de enfermedades v\u00edricas, evitando las...","protected":false},"author":1,"featured_media":0,"parent":0,"menu_order":0,"comment_status":"closed","ping_status":"closed","template":"","meta":{"_joinchat":[],"footnotes":""},"class_list":["post-16862","page","type-page","status-publish","hentry"],"yoast_head":"<!-- This site is optimized with the Yoast SEO plugin v25.8 - https:\/\/yoast.com\/wordpress\/plugins\/seo\/ -->\n<title>Hospitalizaci\u00f3n y UCI - Animal House<\/title>\n<meta name=\"robots\" content=\"index, follow, max-snippet:-1, max-image-preview:large, max-video-preview:-1\" \/>\n<link rel=\"canonical\" href=\"https:\/\/animalhouse.es\/en\/hospitalizacion-y-uci\/\" \/>\n<meta property=\"og:locale\" content=\"en_GB\" \/>\n<meta property=\"og:type\" content=\"article\" \/>\n<meta property=\"og:title\" content=\"Hospitalizaci\u00f3n y UCI - Animal House\" \/>\n<meta property=\"og:url\" content=\"https:\/\/animalhouse.es\/en\/hospitalizacion-y-uci\/\" \/>\n<meta property=\"og:site_name\" content=\"Animal House\" \/>\n<meta property=\"article:publisher\" content=\"https:\/\/www.facebook.com\/p\/Cl%c3%adnica-Veterinaria-Animal-House-100063496242751\/\" \/>\n<meta property=\"article:modified_time\" content=\"2022-03-07T11:04:52+00:00\" \/>\n<meta name=\"twitter:card\" content=\"summary_large_image\" \/>\n<meta name=\"twitter:label1\" content=\"Estimated reading time\" \/>\n\t<meta name=\"twitter:data1\" content=\"1 minute\" \/>\n<script type=\"application\/ld+json\" class=\"yoast-schema-graph\">{\"@context\":\"https:\/\/schema.org\",\"@graph\":[{\"@type\":\"WebPage\",\"@id\":\"https:\/\/animalhouse.es\/hospitalizacion-y-uci\/\",\"url\":\"https:\/\/animalhouse.es\/hospitalizacion-y-uci\/\",\"name\":\"Hospitalizaci\u00f3n y UCI - Animal House\",\"isPartOf\":{\"@id\":\"https:\/\/animalhouse.es\/#website\"},\"datePublished\":\"2016-10-23T09:01:10+00:00\",\"dateModified\":\"2022-03-07T11:04:52+00:00\",\"breadcrumb\":{\"@id\":\"https:\/\/animalhouse.es\/hospitalizacion-y-uci\/#breadcrumb\"},\"inLanguage\":\"en-GB\",\"potentialAction\":[{\"@type\":\"ReadAction\",\"target\":[\"https:\/\/animalhouse.es\/hospitalizacion-y-uci\/\"]}]},{\"@type\":\"BreadcrumbList\",\"@id\":\"https:\/\/animalhouse.es\/hospitalizacion-y-uci\/#breadcrumb\",\"itemListElement\":[{\"@type\":\"ListItem\",\"position\":1,\"name\":\"Portada\",\"item\":\"https:\/\/animalhouse.es\/\"},{\"@type\":\"ListItem\",\"position\":2,\"name\":\"Hospitalizaci\u00f3n y UCI\"}]},{\"@type\":\"WebSite\",\"@id\":\"https:\/\/animalhouse.es\/#website\",\"url\":\"https:\/\/animalhouse.es\/\",\"name\":\"Animal House\",\"description\":\"Cl\u00ednica Veterinaria Marbella\",\"publisher\":{\"@id\":\"https:\/\/animalhouse.es\/#organization\"},\"potentialAction\":[{\"@type\":\"SearchAction\",\"target\":{\"@type\":\"EntryPoint\",\"urlTemplate\":\"https:\/\/animalhouse.es\/?s={search_term_string}\"},\"query-input\":{\"@type\":\"PropertyValueSpecification\",\"valueRequired\":true,\"valueName\":\"search_term_string\"}}],\"inLanguage\":\"en-GB\"},{\"@type\":\"Organization\",\"@id\":\"https:\/\/animalhouse.es\/#organization\",\"name\":\"Cl\u00ednica veterinaria Animal House\",\"url\":\"https:\/\/animalhouse.es\/\",\"logo\":{\"@type\":\"ImageObject\",\"inLanguage\":\"en-GB\",\"@id\":\"https:\/\/animalhouse.es\/#\/schema\/logo\/image\/\",\"url\":\"https:\/\/animalhouse.es\/wp-content\/uploads\/2017\/03\/slider-1.jpg\",\"contentUrl\":\"https:\/\/animalhouse.es\/wp-content\/uploads\/2017\/03\/slider-1.jpg\",\"width\":1200,\"height\":850,\"caption\":\"Cl\u00ednica veterinaria Animal House\"},\"image\":{\"@id\":\"https:\/\/animalhouse.es\/#\/schema\/logo\/image\/\"},\"sameAs\":[\"https:\/\/www.facebook.com\/p\/Cl\u00ednica-Veterinaria-Animal-House-100063496242751\/\"]}]}<\/script>\n<!-- \/ Yoast SEO plugin. -->","yoast_head_json":{"title":"Hospitalizaci\u00f3n y UCI - Animal House","robots":{"index":"index","follow":"follow","max-snippet":"max-snippet:-1","max-image-preview":"max-image-preview:large","max-video-preview":"max-video-preview:-1"},"canonical":"https:\/\/animalhouse.es\/en\/hospitalizacion-y-uci\/","og_locale":"en_GB","og_type":"article","og_title":"Hospitalizaci\u00f3n y UCI - Animal House","og_url":"https:\/\/animalhouse.es\/en\/hospitalizacion-y-uci\/","og_site_name":"Animal House","article_publisher":"https:\/\/www.facebook.com\/p\/Cl%c3%adnica-Veterinaria-Animal-House-100063496242751\/","article_modified_time":"2022-03-07T11:04:52+00:00","twitter_card":"summary_large_image","twitter_misc":{"Estimated reading time":"1 minute"},"schema":{"@context":"https:\/\/schema.org","@graph":[{"@type":"WebPage","@id":"https:\/\/animalhouse.es\/hospitalizacion-y-uci\/","url":"https:\/\/animalhouse.es\/hospitalizacion-y-uci\/","name":"Hospitalizaci\u00f3n y UCI - Animal House","isPartOf":{"@id":"https:\/\/animalhouse.es\/#website"},"datePublished":"2016-10-23T09:01:10+00:00","dateModified":"2022-03-07T11:04:52+00:00","breadcrumb":{"@id":"https:\/\/animalhouse.es\/hospitalizacion-y-uci\/#breadcrumb"},"inLanguage":"en-GB","potentialAction":[{"@type":"ReadAction","target":["https:\/\/animalhouse.es\/hospitalizacion-y-uci\/"]}]},{"@type":"BreadcrumbList","@id":"https:\/\/animalhouse.es\/hospitalizacion-y-uci\/#breadcrumb","itemListElement":[{"@type":"ListItem","position":1,"name":"Portada","item":"https:\/\/animalhouse.es\/"},{"@type":"ListItem","position":2,"name":"Hospitalizaci\u00f3n y UCI"}]},{"@type":"WebSite","@id":"https:\/\/animalhouse.es\/#website","url":"https:\/\/animalhouse.es\/","name":"Animal House","description":"Cl\u00ednica Veterinaria Marbella","publisher":{"@id":"https:\/\/animalhouse.es\/#organization"},"potentialAction":[{"@type":"SearchAction","target":{"@type":"EntryPoint","urlTemplate":"https:\/\/animalhouse.es\/?s={search_term_string}"},"query-input":{"@type":"PropertyValueSpecification","valueRequired":true,"valueName":"search_term_string"}}],"inLanguage":"en-GB"},{"@type":"Organization","@id":"https:\/\/animalhouse.es\/#organization","name":"Cl\u00ednica veterinaria Animal House","url":"https:\/\/animalhouse.es\/","logo":{"@type":"ImageObject","inLanguage":"en-GB","@id":"https:\/\/animalhouse.es\/#\/schema\/logo\/image\/","url":"https:\/\/animalhouse.es\/wp-content\/uploads\/2017\/03\/slider-1.jpg","contentUrl":"https:\/\/animalhouse.es\/wp-content\/uploads\/2017\/03\/slider-1.jpg","width":1200,"height":850,"caption":"Cl\u00ednica veterinaria Animal House"},"image":{"@id":"https:\/\/animalhouse.es\/#\/schema\/logo\/image\/"},"sameAs":["https:\/\/www.facebook.com\/p\/Cl\u00ednica-Veterinaria-Animal-House-100063496242751\/"]}]}},"_links":{"self":[{"href":"https:\/\/animalhouse.es\/en\/wp-json\/wp\/v2\/pages\/16862","targetHints":{"allow":["GET"]}}],"collection":[{"href":"https:\/\/animalhouse.es\/en\/wp-json\/wp\/v2\/pages"}],"about":[{"href":"https:\/\/animalhouse.es\/en\/wp-json\/wp\/v2\/types\/page"}],"author":[{"embeddable":true,"href":"https:\/\/animalhouse.es\/en\/wp-json\/wp\/v2\/users\/1"}],"replies":[{"embeddable":true,"href":"https:\/\/animalhouse.es\/en\/wp-json\/wp\/v2\/comments?post=16862"}],"version-history":[{"count":26,"href":"https:\/\/animalhouse.es\/en\/wp-json\/wp\/v2\/pages\/16862\/revisions"}],"predecessor-version":[{"id":17806,"href":"https:\/\/animalhouse.es\/en\/wp-json\/wp\/v2\/pages\/16862\/revisions\/17806"}],"wp:attachment":[{"href":"https:\/\/animalhouse.es\/en\/wp-json\/wp\/v2\/media?parent=16862"}],"curies":[{"name":"wp","href":"https:\/\/api.w.org\/{rel}","templated":true}]}}