{"id":17190,"date":"2017-04-25T21:11:39","date_gmt":"2017-04-25T20:11:39","guid":{"rendered":"http:\/\/animalhouse.es\/?page_id=17190"},"modified":"2022-09-12T16:54:23","modified_gmt":"2022-09-12T15:54:23","slug":"analisis-y-laboratorio-propio","status":"publish","type":"page","link":"https:\/\/animalhouse.es\/en\/analisis-y-laboratorio-propio\/","title":{"rendered":"An\u00e1lisis y laboratorio propio"},"content":{"rendered":"<div      class=\"vc_row wpb_row section vc_row-fluid  vc_custom_1641910493430\" style=' text-align:left;'><div class=\"full_section_inner clearfix\"><div class=\"wpb_column vc_column_container vc_col-sm-12\"><div class=\"vc_column-inner\"><div class=\"wpb_wrapper\">\n\t<div class=\"wpb_text_column wpb_content_element\">\n\t\t<div class=\"wpb_wrapper\">\n\t\t\t<p>A nuestra disposici\u00f3n las 24 horas, que permite obtener resultados inmediatos, con la mayor fiabilidad, para emitir un diagn\u00f3stico e implementar el tratamiento adecuado de manera r\u00e1pida y efectiva. La vida de muchos pacientes depende de la rapidez con la que obtengamos los resultados, por ello, es uno de los servicios m\u00e1s importantes en nuestra cl\u00ednica veterinaria.<\/p>\n\n\t\t<\/div> \n\t<\/div> <\/div><\/div><\/div><\/div><\/div><div      class=\"vc_row wpb_row section vc_row-fluid\" style=' text-align:left;'><div class=\"full_section_inner clearfix\"><div class=\"wpb_column vc_column_container vc_col-sm-12\"><div class=\"vc_column-inner\"><div class=\"wpb_wrapper\">\t<div class=\"vc_empty_space\"  style=\"height: 32px\" ><span\n\t\t\tclass=\"vc_empty_space_inner\">\n\t\t\t<span class=\"empty_space_image\"  ><\/span>\n\t\t<\/span><\/div>\n\n<div class='q_list circle animate_list'><\/p>\n<ul>\n<li>Hematolog\u00eda: nos da informaci\u00f3n acerca de las poblaciones de gl\u00f3bulos rojos y blancos, el estado de anemia, nivel de infecci\u00f3n o de defensas, plaquetas, etc.<\/li>\n<li>Bioqu\u00edmica: nos permite comprobar c\u00f3mo funcionan los \u00f3rganos de nuestros pacientes<\/li>\n<li>Urian\u00e1lisis: detecta posibles anomal\u00edas de ri\u00f1ones y vejiga, estudiando las caracter\u00edsticas f\u00edsico-qu\u00edmicas de la orina.<\/li>\n<li>An\u00e1lisis coprol\u00f3gico: permite identificar par\u00e1sitos presentes en las heces, lo que facilita la administraci\u00f3n de productos antiparasitarios espec\u00edficos.<\/li>\n<li>Diagn\u00f3stico de Leishmania: esta enfermedad, transmitida por la picadura de un mosquito fleb\u00f3tomo es muy frecuente en nuestra zona y tiene repercusiones org\u00e1nicas muy graves, infectando al animal de por vida y muchas ocasiones, produci\u00e9ndole la muerte. La prevenci\u00f3n y detecci\u00f3n precoz es nuestra herramienta m\u00e1s eficaz.<\/li>\n<li>Diagn\u00f3stico de Ehlichia, Anaplasma, Filaria y Borrelia: son enfermedades transmitidas por garrapatas que producen transtornos en la coagulaci\u00f3n y fiebre alta.<\/li>\n<li>Diagn\u00f3stico de Leucemia e Inmunodeficiencia felinas: son enfermedades que afectan al sistema inmunitario de los gatos y est\u00e1n ampliamente extendidas. Pueden contagiarse entre gatos, pero tambi\u00e9n por v\u00eda placentaria de la madre a los gatitos. Su detecci\u00f3n precoz permite manejarlas y proporcionar a los gatos una buena calidad de vida.<\/li>\n<\/ul>\n<p><\/div>\t<div class=\"vc_empty_space\"  style=\"height: 32px\" ><span\n\t\t\tclass=\"vc_empty_space_inner\">\n\t\t\t<span class=\"empty_space_image\"  ><\/span>\n\t\t<\/span><\/div>\n\n<div class=\"wpb_gallery wpb_content_element vc_clearfix\"><div class=\"wpb_wrapper\"><div class=\"wpb_gallery_slides wpb_image_grid\" data-interval=\"3\"><div class=\"gallery_holder\"><ul class=\"gallery_inner gallery_with_space  v2\"><li class=\"no_grayscale\"><a itemprop=\"image\" class=\"qode-prettyphoto\" href=\"https:\/\/animalhouse.es\/wp-content\/uploads\/2022\/02\/1645204146263-1024x769.jpg\" data-rel=\"prettyPhoto[rel-17190-2412151917]\"><span class=\"gallery_hover\"><i class=\"fa fa-search\"><\/i><\/span><img fetchpriority=\"high\" decoding=\"async\" width=\"2560\" height=\"1922\" src=\"https:\/\/animalhouse.es\/wp-content\/uploads\/2022\/02\/1645204146263-scaled.jpg\" class=\"attachment-full\" alt=\"\" srcset=\"https:\/\/animalhouse.es\/wp-content\/uploads\/2022\/02\/1645204146263-scaled.jpg 2560w, https:\/\/animalhouse.es\/wp-content\/uploads\/2022\/02\/1645204146263-300x225.jpg 300w, https:\/\/animalhouse.es\/wp-content\/uploads\/2022\/02\/1645204146263-1024x769.jpg 1024w, https:\/\/animalhouse.es\/wp-content\/uploads\/2022\/02\/1645204146263-768x577.jpg 768w, https:\/\/animalhouse.es\/wp-content\/uploads\/2022\/02\/1645204146263-1536x1153.jpg 1536w, https:\/\/animalhouse.es\/wp-content\/uploads\/2022\/02\/1645204146263-2048x1538.jpg 2048w, https:\/\/animalhouse.es\/wp-content\/uploads\/2022\/02\/1645204146263-800x600.jpg 800w, https:\/\/animalhouse.es\/wp-content\/uploads\/2022\/02\/1645204146263-700x526.jpg 700w\" sizes=\"(max-width: 2560px) 100vw, 2560px\" \/><\/a><\/li><li class=\"no_grayscale\"><a itemprop=\"image\" class=\"qode-prettyphoto\" href=\"https:\/\/animalhouse.es\/wp-content\/uploads\/2022\/02\/1645204146277-1024x769.jpg\" data-rel=\"prettyPhoto[rel-17190-2412151917]\"><span class=\"gallery_hover\"><i class=\"fa fa-search\"><\/i><\/span><img decoding=\"async\" width=\"2560\" height=\"1922\" src=\"https:\/\/animalhouse.es\/wp-content\/uploads\/2022\/02\/1645204146277-scaled.jpg\" class=\"attachment-full\" alt=\"\" srcset=\"https:\/\/animalhouse.es\/wp-content\/uploads\/2022\/02\/1645204146277-scaled.jpg 2560w, https:\/\/animalhouse.es\/wp-content\/uploads\/2022\/02\/1645204146277-300x225.jpg 300w, https:\/\/animalhouse.es\/wp-content\/uploads\/2022\/02\/1645204146277-1024x769.jpg 1024w, https:\/\/animalhouse.es\/wp-content\/uploads\/2022\/02\/1645204146277-768x577.jpg 768w, https:\/\/animalhouse.es\/wp-content\/uploads\/2022\/02\/1645204146277-1536x1153.jpg 1536w, https:\/\/animalhouse.es\/wp-content\/uploads\/2022\/02\/1645204146277-2048x1538.jpg 2048w, https:\/\/animalhouse.es\/wp-content\/uploads\/2022\/02\/1645204146277-800x600.jpg 800w, https:\/\/animalhouse.es\/wp-content\/uploads\/2022\/02\/1645204146277-700x526.jpg 700w\" sizes=\"(max-width: 2560px) 100vw, 2560px\" \/><\/a><\/li><\/ul><\/div><\/div><\/div><\/div>\t<div class=\"vc_empty_space\"  style=\"height: 50px\" ><span\n\t\t\tclass=\"vc_empty_space_inner\">\n\t\t\t<span class=\"empty_space_image\"  ><\/span>\n\t\t<\/span><\/div>\n\n<\/div><\/div><\/div><\/div><\/div>","protected":false},"excerpt":{"rendered":"A nuestra disposici\u00f3n las 24 horas, que permite obtener resultados inmediatos, con la mayor fiabilidad, para emitir un diagn\u00f3stico e implementar el tratamiento adecuado de manera r\u00e1pida y efectiva. La vida de muchos pacientes depende de la rapidez con la que obtengamos los resultados, por...","protected":false},"author":1,"featured_media":0,"parent":0,"menu_order":0,"comment_status":"closed","ping_status":"closed","template":"","meta":{"_joinchat":[],"footnotes":""},"class_list":["post-17190","page","type-page","status-publish","hentry"],"yoast_head":"<!-- This site is optimized with the Yoast SEO plugin v25.8 - https:\/\/yoast.com\/wordpress\/plugins\/seo\/ -->\n<title>An\u00e1lisis y laboratorio propio - Animal House<\/title>\n<meta name=\"robots\" content=\"index, follow, max-snippet:-1, max-image-preview:large, max-video-preview:-1\" \/>\n<link rel=\"canonical\" href=\"https:\/\/animalhouse.es\/en\/analisis-y-laboratorio-propio\/\" \/>\n<meta property=\"og:locale\" content=\"en_GB\" \/>\n<meta property=\"og:type\" content=\"article\" \/>\n<meta property=\"og:title\" content=\"An\u00e1lisis y laboratorio propio - Animal House\" \/>\n<meta property=\"og:url\" content=\"https:\/\/animalhouse.es\/en\/analisis-y-laboratorio-propio\/\" \/>\n<meta property=\"og:site_name\" content=\"Animal House\" \/>\n<meta property=\"article:publisher\" content=\"https:\/\/www.facebook.com\/p\/Cl%c3%adnica-Veterinaria-Animal-House-100063496242751\/\" \/>\n<meta property=\"article:modified_time\" content=\"2022-09-12T15:54:23+00:00\" \/>\n<meta name=\"twitter:card\" content=\"summary_large_image\" \/>\n<meta name=\"twitter:label1\" content=\"Estimated reading time\" \/>\n\t<meta name=\"twitter:data1\" content=\"2 minutes\" \/>\n<script type=\"application\/ld+json\" class=\"yoast-schema-graph\">{\"@context\":\"https:\/\/schema.org\",\"@graph\":[{\"@type\":\"WebPage\",\"@id\":\"https:\/\/animalhouse.es\/analisis-y-laboratorio-propio\/\",\"url\":\"https:\/\/animalhouse.es\/analisis-y-laboratorio-propio\/\",\"name\":\"An\u00e1lisis y laboratorio propio - Animal House\",\"isPartOf\":{\"@id\":\"https:\/\/animalhouse.es\/#website\"},\"datePublished\":\"2017-04-25T20:11:39+00:00\",\"dateModified\":\"2022-09-12T15:54:23+00:00\",\"breadcrumb\":{\"@id\":\"https:\/\/animalhouse.es\/analisis-y-laboratorio-propio\/#breadcrumb\"},\"inLanguage\":\"en-GB\",\"potentialAction\":[{\"@type\":\"ReadAction\",\"target\":[\"https:\/\/animalhouse.es\/analisis-y-laboratorio-propio\/\"]}]},{\"@type\":\"BreadcrumbList\",\"@id\":\"https:\/\/animalhouse.es\/analisis-y-laboratorio-propio\/#breadcrumb\",\"itemListElement\":[{\"@type\":\"ListItem\",\"position\":1,\"name\":\"Portada\",\"item\":\"https:\/\/animalhouse.es\/\"},{\"@type\":\"ListItem\",\"position\":2,\"name\":\"An\u00e1lisis y laboratorio propio\"}]},{\"@type\":\"WebSite\",\"@id\":\"https:\/\/animalhouse.es\/#website\",\"url\":\"https:\/\/animalhouse.es\/\",\"name\":\"Animal House\",\"description\":\"Cl\u00ednica Veterinaria Marbella\",\"publisher\":{\"@id\":\"https:\/\/animalhouse.es\/#organization\"},\"potentialAction\":[{\"@type\":\"SearchAction\",\"target\":{\"@type\":\"EntryPoint\",\"urlTemplate\":\"https:\/\/animalhouse.es\/?s={search_term_string}\"},\"query-input\":{\"@type\":\"PropertyValueSpecification\",\"valueRequired\":true,\"valueName\":\"search_term_string\"}}],\"inLanguage\":\"en-GB\"},{\"@type\":\"Organization\",\"@id\":\"https:\/\/animalhouse.es\/#organization\",\"name\":\"Cl\u00ednica veterinaria Animal House\",\"url\":\"https:\/\/animalhouse.es\/\",\"logo\":{\"@type\":\"ImageObject\",\"inLanguage\":\"en-GB\",\"@id\":\"https:\/\/animalhouse.es\/#\/schema\/logo\/image\/\",\"url\":\"https:\/\/animalhouse.es\/wp-content\/uploads\/2017\/03\/slider-1.jpg\",\"contentUrl\":\"https:\/\/animalhouse.es\/wp-content\/uploads\/2017\/03\/slider-1.jpg\",\"width\":1200,\"height\":850,\"caption\":\"Cl\u00ednica veterinaria Animal House\"},\"image\":{\"@id\":\"https:\/\/animalhouse.es\/#\/schema\/logo\/image\/\"},\"sameAs\":[\"https:\/\/www.facebook.com\/p\/Cl\u00ednica-Veterinaria-Animal-House-100063496242751\/\"]}]}<\/script>\n<!-- \/ Yoast SEO plugin. -->","yoast_head_json":{"title":"An\u00e1lisis y laboratorio propio - Animal House","robots":{"index":"index","follow":"follow","max-snippet":"max-snippet:-1","max-image-preview":"max-image-preview:large","max-video-preview":"max-video-preview:-1"},"canonical":"https:\/\/animalhouse.es\/en\/analisis-y-laboratorio-propio\/","og_locale":"en_GB","og_type":"article","og_title":"An\u00e1lisis y laboratorio propio - Animal House","og_url":"https:\/\/animalhouse.es\/en\/analisis-y-laboratorio-propio\/","og_site_name":"Animal House","article_publisher":"https:\/\/www.facebook.com\/p\/Cl%c3%adnica-Veterinaria-Animal-House-100063496242751\/","article_modified_time":"2022-09-12T15:54:23+00:00","twitter_card":"summary_large_image","twitter_misc":{"Estimated reading time":"2 minutes"},"schema":{"@context":"https:\/\/schema.org","@graph":[{"@type":"WebPage","@id":"https:\/\/animalhouse.es\/analisis-y-laboratorio-propio\/","url":"https:\/\/animalhouse.es\/analisis-y-laboratorio-propio\/","name":"An\u00e1lisis y laboratorio propio - Animal House","isPartOf":{"@id":"https:\/\/animalhouse.es\/#website"},"datePublished":"2017-04-25T20:11:39+00:00","dateModified":"2022-09-12T15:54:23+00:00","breadcrumb":{"@id":"https:\/\/animalhouse.es\/analisis-y-laboratorio-propio\/#breadcrumb"},"inLanguage":"en-GB","potentialAction":[{"@type":"ReadAction","target":["https:\/\/animalhouse.es\/analisis-y-laboratorio-propio\/"]}]},{"@type":"BreadcrumbList","@id":"https:\/\/animalhouse.es\/analisis-y-laboratorio-propio\/#breadcrumb","itemListElement":[{"@type":"ListItem","position":1,"name":"Portada","item":"https:\/\/animalhouse.es\/"},{"@type":"ListItem","position":2,"name":"An\u00e1lisis y laboratorio propio"}]},{"@type":"WebSite","@id":"https:\/\/animalhouse.es\/#website","url":"https:\/\/animalhouse.es\/","name":"Animal House","description":"Cl\u00ednica Veterinaria Marbella","publisher":{"@id":"https:\/\/animalhouse.es\/#organization"},"potentialAction":[{"@type":"SearchAction","target":{"@type":"EntryPoint","urlTemplate":"https:\/\/animalhouse.es\/?s={search_term_string}"},"query-input":{"@type":"PropertyValueSpecification","valueRequired":true,"valueName":"search_term_string"}}],"inLanguage":"en-GB"},{"@type":"Organization","@id":"https:\/\/animalhouse.es\/#organization","name":"Cl\u00ednica veterinaria Animal House","url":"https:\/\/animalhouse.es\/","logo":{"@type":"ImageObject","inLanguage":"en-GB","@id":"https:\/\/animalhouse.es\/#\/schema\/logo\/image\/","url":"https:\/\/animalhouse.es\/wp-content\/uploads\/2017\/03\/slider-1.jpg","contentUrl":"https:\/\/animalhouse.es\/wp-content\/uploads\/2017\/03\/slider-1.jpg","width":1200,"height":850,"caption":"Cl\u00ednica veterinaria Animal House"},"image":{"@id":"https:\/\/animalhouse.es\/#\/schema\/logo\/image\/"},"sameAs":["https:\/\/www.facebook.com\/p\/Cl\u00ednica-Veterinaria-Animal-House-100063496242751\/"]}]}},"_links":{"self":[{"href":"https:\/\/animalhouse.es\/en\/wp-json\/wp\/v2\/pages\/17190","targetHints":{"allow":["GET"]}}],"collection":[{"href":"https:\/\/animalhouse.es\/en\/wp-json\/wp\/v2\/pages"}],"about":[{"href":"https:\/\/animalhouse.es\/en\/wp-json\/wp\/v2\/types\/page"}],"author":[{"embeddable":true,"href":"https:\/\/animalhouse.es\/en\/wp-json\/wp\/v2\/users\/1"}],"replies":[{"embeddable":true,"href":"https:\/\/animalhouse.es\/en\/wp-json\/wp\/v2\/comments?post=17190"}],"version-history":[{"count":16,"href":"https:\/\/animalhouse.es\/en\/wp-json\/wp\/v2\/pages\/17190\/revisions"}],"predecessor-version":[{"id":17899,"href":"https:\/\/animalhouse.es\/en\/wp-json\/wp\/v2\/pages\/17190\/revisions\/17899"}],"wp:attachment":[{"href":"https:\/\/animalhouse.es\/en\/wp-json\/wp\/v2\/media?parent=17190"}],"curies":[{"name":"wp","href":"https:\/\/api.w.org\/{rel}","templated":true}]}}