{"id":17616,"date":"2021-08-11T18:58:43","date_gmt":"2021-08-11T17:58:43","guid":{"rendered":"http:\/\/animalhouse.es\/?page_id=17616"},"modified":"2021-09-01T00:08:17","modified_gmt":"2021-08-31T23:08:17","slug":"vetplan-puppy-basico","status":"publish","type":"page","link":"https:\/\/animalhouse.es\/en\/vetplan-puppy-basico\/","title":{"rendered":"Vetplan Puppy B\u00e1sico"},"content":{"rendered":"<div      class=\"vc_row wpb_row section vc_row-fluid\" style=' text-align:left;'><div class=\"full_section_inner clearfix\"><div class=\"wpb_column vc_column_container vc_col-sm-12\"><div class=\"vc_column-inner\"><div class=\"wpb_wrapper\">\n\t<div class=\"wpb_single_image wpb_content_element vc_align_center\">\n\t\t<div class=\"wpb_wrapper\">\n\t\t\t\n\t\t\t<div class=\"vc_single_image-wrapper   vc_box_border_grey\"><img fetchpriority=\"high\" decoding=\"async\" width=\"650\" height=\"105\" src=\"https:\/\/animalhouse.es\/wp-content\/uploads\/2021\/08\/logo-vetplan-puppybasico-650-VETPLAN-14-01-2020.png\" class=\"vc_single_image-img attachment-full\" alt=\"\" srcset=\"https:\/\/animalhouse.es\/wp-content\/uploads\/2021\/08\/logo-vetplan-puppybasico-650-VETPLAN-14-01-2020.png 650w, https:\/\/animalhouse.es\/wp-content\/uploads\/2021\/08\/logo-vetplan-puppybasico-650-VETPLAN-14-01-2020-300x48.png 300w\" sizes=\"(max-width: 650px) 100vw, 650px\" \/><\/div>\n\t\t<\/div>\n\t<\/div>\n<\/div><\/div><\/div><\/div><\/div><div      class=\"vc_row wpb_row section vc_row-fluid\" style=' text-align:left;'><div class=\"full_section_inner clearfix\"><div class=\"wpb_column vc_column_container vc_col-sm-12\"><div class=\"vc_column-inner\"><div class=\"wpb_wrapper\">\t<div class=\"vc_empty_space\"  style=\"height: 50px\" ><span\n\t\t\tclass=\"vc_empty_space_inner\">\n\t\t\t<span class=\"empty_space_image\"  ><\/span>\n\t\t<\/span><\/div>\n\n\n\t<div class=\"wpb_text_column wpb_content_element\">\n\t\t<div class=\"wpb_wrapper\">\n\t\t\t<h3>Con Vetplan Puppy B\u00e1sico, t\u00fa y tu cachorro os sentir\u00e9is siempre como clientes VIP.\u00a0 El plan ideal para ofrecerle un cuidado b\u00e1sico a tu cachorro.<\/h3>\n\n\t\t<\/div> \n\t<\/div> \n\t<div class=\"wpb_single_image wpb_content_element vc_align_center\">\n\t\t<div class=\"wpb_wrapper\">\n\t\t\t\n\t\t\t<div class=\"vc_single_image-wrapper   vc_box_border_grey\"><img decoding=\"async\" width=\"406\" height=\"90\" src=\"https:\/\/animalhouse.es\/wp-content\/uploads\/2021\/08\/vetplan-puppy-basico-precio-VETPLAN-10-01-2020-1.png\" class=\"vc_single_image-img attachment-full\" alt=\"\" srcset=\"https:\/\/animalhouse.es\/wp-content\/uploads\/2021\/08\/vetplan-puppy-basico-precio-VETPLAN-10-01-2020-1.png 406w, https:\/\/animalhouse.es\/wp-content\/uploads\/2021\/08\/vetplan-puppy-basico-precio-VETPLAN-10-01-2020-1-300x67.png 300w, https:\/\/animalhouse.es\/wp-content\/uploads\/2021\/08\/vetplan-puppy-basico-precio-VETPLAN-10-01-2020-1-400x90.png 400w\" sizes=\"(max-width: 406px) 100vw, 406px\" \/><\/div>\n\t\t<\/div>\n\t<\/div>\n\t<div class=\"vc_empty_space\"  style=\"height: 32px\" ><span\n\t\t\tclass=\"vc_empty_space_inner\">\n\t\t\t<span class=\"empty_space_image\"  ><\/span>\n\t\t<\/span><\/div>\n\n\n\t<div class=\"wpb_text_column wpb_content_element\">\n\t\t<div class=\"wpb_wrapper\">\n\t\t\t<p>Dale la mejor protecci\u00f3n a tu cachorro durante sus primeras etapas de vida con Vetplan Puppy B\u00e1sico.<\/p>\n\n\t\t<\/div> \n\t<\/div> \n\t<div class=\"wpb_text_column wpb_content_element\">\n\t\t<div class=\"wpb_wrapper\">\n\t\t\t<h3>Coberturas:<\/h3>\n\n\t\t<\/div> \n\t<\/div> \n\t<div class=\"wpb_text_column wpb_content_element\">\n\t\t<div class=\"wpb_wrapper\">\n\t\t\t<ul style=\"font-weight: 400;\">\n<li data-leveltext=\"\uf0b7\" data-font=\"Symbol\" data-listid=\"81\" aria-setsize=\"-1\" data-aria-posinset=\"1\" data-aria-level=\"1\"><b><span data-contrast=\"auto\">D\u00eda 0.<\/span><\/b><span data-contrast=\"auto\">&#8211; Primera revisi\u00f3n y desparasitaci\u00f3n interna.<\/span><span data-ccp-props=\"{&quot;134233279&quot;:true,&quot;201341983&quot;:0,&quot;335559739&quot;:160,&quot;335559740&quot;:259}\">\u00a0<\/span><\/li>\n<li data-leveltext=\"\uf0b7\" data-font=\"Symbol\" data-listid=\"81\" aria-setsize=\"-1\" data-aria-posinset=\"2\" data-aria-level=\"1\"><b><span data-contrast=\"auto\">45 d\u00edas de\u00a0vida.<\/span><\/b><span data-contrast=\"auto\">&#8211;\u00a0Revisi\u00f3n y vacunaci\u00f3n\u00a0Puppy\u00a0 o similar.<\/span><span data-ccp-props=\"{&quot;134233279&quot;:true,&quot;201341983&quot;:0,&quot;335559739&quot;:160,&quot;335559740&quot;:259}\">\u00a0<\/span><\/li>\n<li data-leveltext=\"\uf0b7\" data-font=\"Symbol\" data-listid=\"81\" aria-setsize=\"-1\" data-aria-posinset=\"3\" data-aria-level=\"1\"><b><span data-contrast=\"auto\">2\u00a0meses.<\/span><\/b><span data-contrast=\"auto\">&#8211;\u00a0Revisi\u00f3n, 1\u00aa vacunaci\u00f3n polivalente, an\u00e1lisis coprol\u00f3gico y desparasitaci\u00f3n interna, desparasitaci\u00f3n externa<\/span><span data-ccp-props=\"{&quot;134233279&quot;:true,&quot;201341983&quot;:0,&quot;335559739&quot;:160,&quot;335559740&quot;:259}\">\u00a0<\/span><\/li>\n<li data-leveltext=\"\uf0b7\" data-font=\"Symbol\" data-listid=\"81\" aria-setsize=\"-1\" data-aria-posinset=\"4\" data-aria-level=\"1\"><b><span data-contrast=\"auto\">3\u00a0meses.<\/span><\/b><span data-contrast=\"auto\">&#8211;\u00a0Revisi\u00f3n y 2\u00aa vacunaci\u00f3n polivalente, desparasitaci\u00f3n externa. Collar\u00a0Ectoval\u00a0o similar<\/span><span data-ccp-props=\"{&quot;134233279&quot;:true,&quot;201341983&quot;:0,&quot;335559739&quot;:160,&quot;335559740&quot;:259}\">\u00a0<\/span><\/li>\n<li data-leveltext=\"\uf0b7\" data-font=\"Symbol\" data-listid=\"81\" aria-setsize=\"-1\" data-aria-posinset=\"5\" data-aria-level=\"1\"><b><span data-contrast=\"auto\">4\u00a0meses.-<\/span><\/b><span data-contrast=\"auto\">\u00a0Revisi\u00f3n y 1\u00aa vacunaci\u00f3n Rabia, desparasitaci\u00f3n externa. Apertura de pasaporte e identificaci\u00f3n con microchip.<\/span><span data-ccp-props=\"{&quot;134233279&quot;:true,&quot;201341983&quot;:0,&quot;335559739&quot;:160,&quot;335559740&quot;:259}\">\u00a0<\/span><\/li>\n<li data-leveltext=\"\uf0b7\" data-font=\"Symbol\" data-listid=\"81\" aria-setsize=\"-1\" data-aria-posinset=\"6\" data-aria-level=\"1\"><b><span data-contrast=\"auto\">5\u00a0meses.<\/span><\/b><span data-contrast=\"auto\">&#8211;\u00a0Revisi\u00f3n y 2\u00aa vacunaci\u00f3n Rabia, desparasitaci\u00f3n externa, desparasitaci\u00f3n interna prevenci\u00f3n de\u00a0Equinococus<\/span><span data-ccp-props=\"{&quot;134233279&quot;:true,&quot;201341983&quot;:0,&quot;335559739&quot;:160,&quot;335559740&quot;:259}\">\u00a0<\/span><\/li>\n<li data-leveltext=\"\uf0b7\" data-font=\"Symbol\" data-listid=\"81\" aria-setsize=\"-1\" data-aria-posinset=\"7\" data-aria-level=\"1\"><b><span data-contrast=\"auto\">6 meses<\/span><\/b><span data-contrast=\"auto\">.-. Desparasitaci\u00f3n externa<\/span><span data-ccp-props=\"{&quot;134233279&quot;:true,&quot;201341983&quot;:0,&quot;335559739&quot;:160,&quot;335559740&quot;:259}\">\u00a0<\/span><\/li>\n<li data-leveltext=\"\uf0b7\" data-font=\"Symbol\" data-listid=\"81\" aria-setsize=\"-1\" data-aria-posinset=\"8\" data-aria-level=\"1\"><b><span data-contrast=\"auto\">7\u00a0meses.<\/span><\/b><span data-contrast=\"auto\">&#8211;\u00a0Desparasitaci\u00f3n externa<\/span><span data-ccp-props=\"{&quot;134233279&quot;:true,&quot;201341983&quot;:0,&quot;335559739&quot;:160,&quot;335559740&quot;:259}\">\u00a0<\/span><\/li>\n<li data-leveltext=\"\uf0b7\" data-font=\"Symbol\" data-listid=\"81\" aria-setsize=\"-1\" data-aria-posinset=\"9\" data-aria-level=\"1\"><b><span data-contrast=\"auto\">8\u00a0meses.<\/span><\/b><span data-contrast=\"auto\">&#8211;\u00a0Desparasitaci\u00f3n externa, desparasitaci\u00f3n interna para la prevenci\u00f3n de\u00a0Equinococus<\/span><span data-ccp-props=\"{&quot;134233279&quot;:true,&quot;201341983&quot;:0,&quot;335559739&quot;:160,&quot;335559740&quot;:259}\">\u00a0<\/span><\/li>\n<li data-leveltext=\"\uf0b7\" data-font=\"Symbol\" data-listid=\"81\" aria-setsize=\"-1\" data-aria-posinset=\"10\" data-aria-level=\"1\"><b><span data-contrast=\"auto\">9\u00a0meses.<\/span><\/b><span data-contrast=\"auto\">&#8211;\u00a0Desparasitaci\u00f3n externa. Collar\u00a0Ectoval\u00a0o similar<\/span><span data-ccp-props=\"{&quot;134233279&quot;:true,&quot;201341983&quot;:0,&quot;335559739&quot;:160,&quot;335559740&quot;:259}\">\u00a0<\/span><\/li>\n<li data-leveltext=\"\uf0b7\" data-font=\"Symbol\" data-listid=\"81\" aria-setsize=\"-1\" data-aria-posinset=\"11\" data-aria-level=\"1\"><b><span data-contrast=\"auto\">10\u00a0meses.<\/span><\/b><span data-contrast=\"auto\">&#8211;\u00a0Desparasitaci\u00f3n externa<\/span><span data-ccp-props=\"{&quot;134233279&quot;:true,&quot;201341983&quot;:0,&quot;335559739&quot;:160,&quot;335559740&quot;:259}\">\u00a0<\/span><\/li>\n<li data-leveltext=\"\uf0b7\" data-font=\"Symbol\" data-listid=\"81\" aria-setsize=\"-1\" data-aria-posinset=\"12\" data-aria-level=\"1\"><b><span data-contrast=\"auto\">11\u00a0meses<\/span><\/b><span data-contrast=\"auto\">.-\u00a0Desparasitaci\u00f3n externa, desparasitaci\u00f3n interna para la prevenci\u00f3n de\u00a0Equinococus<\/span><span data-ccp-props=\"{&quot;134233279&quot;:true,&quot;201341983&quot;:0,&quot;335559739&quot;:160,&quot;335559740&quot;:259}\">\u00a0<\/span><\/li>\n<li data-leveltext=\"\uf0b7\" data-font=\"Symbol\" data-listid=\"81\" aria-setsize=\"-1\" data-aria-posinset=\"13\" data-aria-level=\"1\"><b><span data-contrast=\"auto\">12\u00a0meses.<\/span><\/b><span data-contrast=\"auto\">&#8211;\u00a0Desparasitaci\u00f3n externa<\/span><span data-ccp-props=\"{&quot;134233279&quot;:true,&quot;201341983&quot;:0,&quot;335559739&quot;:160,&quot;335559740&quot;:259}\">\u00a0<\/span><\/li>\n<li data-leveltext=\"\uf0b7\" data-font=\"Symbol\" data-listid=\"81\" aria-setsize=\"-1\" data-aria-posinset=\"14\" data-aria-level=\"1\"><b><span data-contrast=\"auto\">Consultas veterinarias ilimitadas en la cl\u00ednica durante la vigencia del contrato a un precio especial de solo 10\u20ac por consulta.<\/span><\/b><span data-ccp-props=\"{&quot;134233279&quot;:true,&quot;201341983&quot;:0,&quot;335559739&quot;:160,&quot;335559740&quot;:259}\">\u00a0<\/span><\/li>\n<\/ul>\n\n\t\t<\/div> \n\t<\/div> \t<div class=\"vc_empty_space\"  style=\"height: 32px\" ><span\n\t\t\tclass=\"vc_empty_space_inner\">\n\t\t\t<span class=\"empty_space_image\"  ><\/span>\n\t\t<\/span><\/div>\n\n<div class=\"call_to_action normal\" style=\"background-color: #68b9d9;\"><div class=\"container_inner\"><div class=\"two_columns_75_25 clearfix\"><div class=\"text_wrapper column1\"><div class=\"call_to_action_text\" style=\"\"><span style=\"color: #ffffff;\"><strong>Ponte en contacto con nosotros para obtener m\u00e1s informaci\u00f3n<\/strong><\/span><\/div><\/div><div class=\"button_wrapper column2\"><a itemprop=\"url\" href=\"\/en\/contacto\/\" class=\"qbutton white\" target=\"\" style=\"\" >CONTACTO<\/a><\/div><\/div><\/div><\/div>\n\t<div class=\"wpb_single_image wpb_content_element vc_align_left\">\n\t\t<div class=\"wpb_wrapper\">\n\t\t\t\n\t\t\t<div class=\"vc_single_image-wrapper   vc_box_border_grey\"><img decoding=\"async\" width=\"1024\" height=\"586\" src=\"https:\/\/animalhouse.es\/wp-content\/uploads\/2021\/08\/vetplan-puppy-basico-VETPLAN-10-01-2020.jpg\" class=\"vc_single_image-img attachment-full\" alt=\"\" srcset=\"https:\/\/animalhouse.es\/wp-content\/uploads\/2021\/08\/vetplan-puppy-basico-VETPLAN-10-01-2020.jpg 1024w, https:\/\/animalhouse.es\/wp-content\/uploads\/2021\/08\/vetplan-puppy-basico-VETPLAN-10-01-2020-300x172.jpg 300w, https:\/\/animalhouse.es\/wp-content\/uploads\/2021\/08\/vetplan-puppy-basico-VETPLAN-10-01-2020-768x440.jpg 768w, https:\/\/animalhouse.es\/wp-content\/uploads\/2021\/08\/vetplan-puppy-basico-VETPLAN-10-01-2020-345x198.jpg 345w, https:\/\/animalhouse.es\/wp-content\/uploads\/2021\/08\/vetplan-puppy-basico-VETPLAN-10-01-2020-700x401.jpg 700w\" sizes=\"(max-width: 1024px) 100vw, 1024px\" \/><\/div>\n\t\t<\/div>\n\t<\/div>\n<\/div><\/div><\/div><\/div><\/div><div      class=\"vc_row wpb_row section vc_row-fluid\" style=' text-align:left;'><div class=\"full_section_inner clearfix\"><div class=\"wpb_column vc_column_container vc_col-sm-12\"><div class=\"vc_column-inner\"><div class=\"wpb_wrapper\"><\/div><\/div><\/div><\/div><\/div>","protected":false},"excerpt":{"rendered":"Con Vetplan Puppy B\u00e1sico, t\u00fa y tu cachorro os sentir\u00e9is siempre como clientes VIP.\u00a0 El plan ideal para ofrecerle un cuidado b\u00e1sico a tu cachorro. Dale la mejor protecci\u00f3n a tu cachorro durante sus primeras etapas de vida con Vetplan Puppy B\u00e1sico. Coberturas: D\u00eda 0.-...","protected":false},"author":2,"featured_media":0,"parent":0,"menu_order":0,"comment_status":"closed","ping_status":"closed","template":"","meta":{"_joinchat":[],"footnotes":""},"class_list":["post-17616","page","type-page","status-publish","hentry"],"yoast_head":"<!-- This site is optimized with the Yoast SEO plugin v25.8 - https:\/\/yoast.com\/wordpress\/plugins\/seo\/ -->\n<title>Vetplan Puppy B\u00e1sico - Animal House<\/title>\n<meta name=\"robots\" content=\"index, follow, max-snippet:-1, max-image-preview:large, max-video-preview:-1\" \/>\n<link rel=\"canonical\" href=\"https:\/\/animalhouse.es\/en\/vetplan-puppy-basico\/\" \/>\n<meta property=\"og:locale\" content=\"en_GB\" \/>\n<meta property=\"og:type\" content=\"article\" \/>\n<meta property=\"og:title\" content=\"Vetplan Puppy B\u00e1sico - Animal House\" \/>\n<meta property=\"og:url\" content=\"https:\/\/animalhouse.es\/en\/vetplan-puppy-basico\/\" \/>\n<meta property=\"og:site_name\" content=\"Animal House\" \/>\n<meta property=\"article:publisher\" content=\"https:\/\/www.facebook.com\/p\/Cl%c3%adnica-Veterinaria-Animal-House-100063496242751\/\" \/>\n<meta property=\"article:modified_time\" content=\"2021-08-31T23:08:17+00:00\" \/>\n<meta name=\"twitter:card\" content=\"summary_large_image\" \/>\n<meta name=\"twitter:label1\" content=\"Estimated reading time\" \/>\n\t<meta name=\"twitter:data1\" content=\"2 minutes\" \/>\n<script type=\"application\/ld+json\" class=\"yoast-schema-graph\">{\"@context\":\"https:\/\/schema.org\",\"@graph\":[{\"@type\":\"WebPage\",\"@id\":\"https:\/\/animalhouse.es\/vetplan-puppy-basico\/\",\"url\":\"https:\/\/animalhouse.es\/vetplan-puppy-basico\/\",\"name\":\"Vetplan Puppy B\u00e1sico - Animal House\",\"isPartOf\":{\"@id\":\"https:\/\/animalhouse.es\/#website\"},\"datePublished\":\"2021-08-11T17:58:43+00:00\",\"dateModified\":\"2021-08-31T23:08:17+00:00\",\"breadcrumb\":{\"@id\":\"https:\/\/animalhouse.es\/vetplan-puppy-basico\/#breadcrumb\"},\"inLanguage\":\"en-GB\",\"potentialAction\":[{\"@type\":\"ReadAction\",\"target\":[\"https:\/\/animalhouse.es\/vetplan-puppy-basico\/\"]}]},{\"@type\":\"BreadcrumbList\",\"@id\":\"https:\/\/animalhouse.es\/vetplan-puppy-basico\/#breadcrumb\",\"itemListElement\":[{\"@type\":\"ListItem\",\"position\":1,\"name\":\"Portada\",\"item\":\"https:\/\/animalhouse.es\/\"},{\"@type\":\"ListItem\",\"position\":2,\"name\":\"Vetplan Puppy B\u00e1sico\"}]},{\"@type\":\"WebSite\",\"@id\":\"https:\/\/animalhouse.es\/#website\",\"url\":\"https:\/\/animalhouse.es\/\",\"name\":\"Animal House\",\"description\":\"Cl\u00ednica Veterinaria Marbella\",\"publisher\":{\"@id\":\"https:\/\/animalhouse.es\/#organization\"},\"potentialAction\":[{\"@type\":\"SearchAction\",\"target\":{\"@type\":\"EntryPoint\",\"urlTemplate\":\"https:\/\/animalhouse.es\/?s={search_term_string}\"},\"query-input\":{\"@type\":\"PropertyValueSpecification\",\"valueRequired\":true,\"valueName\":\"search_term_string\"}}],\"inLanguage\":\"en-GB\"},{\"@type\":\"Organization\",\"@id\":\"https:\/\/animalhouse.es\/#organization\",\"name\":\"Cl\u00ednica veterinaria Animal House\",\"url\":\"https:\/\/animalhouse.es\/\",\"logo\":{\"@type\":\"ImageObject\",\"inLanguage\":\"en-GB\",\"@id\":\"https:\/\/animalhouse.es\/#\/schema\/logo\/image\/\",\"url\":\"https:\/\/animalhouse.es\/wp-content\/uploads\/2017\/03\/slider-1.jpg\",\"contentUrl\":\"https:\/\/animalhouse.es\/wp-content\/uploads\/2017\/03\/slider-1.jpg\",\"width\":1200,\"height\":850,\"caption\":\"Cl\u00ednica veterinaria Animal House\"},\"image\":{\"@id\":\"https:\/\/animalhouse.es\/#\/schema\/logo\/image\/\"},\"sameAs\":[\"https:\/\/www.facebook.com\/p\/Cl\u00ednica-Veterinaria-Animal-House-100063496242751\/\"]}]}<\/script>\n<!-- \/ Yoast SEO plugin. -->","yoast_head_json":{"title":"Vetplan Puppy B\u00e1sico - Animal House","robots":{"index":"index","follow":"follow","max-snippet":"max-snippet:-1","max-image-preview":"max-image-preview:large","max-video-preview":"max-video-preview:-1"},"canonical":"https:\/\/animalhouse.es\/en\/vetplan-puppy-basico\/","og_locale":"en_GB","og_type":"article","og_title":"Vetplan Puppy B\u00e1sico - Animal House","og_url":"https:\/\/animalhouse.es\/en\/vetplan-puppy-basico\/","og_site_name":"Animal House","article_publisher":"https:\/\/www.facebook.com\/p\/Cl%c3%adnica-Veterinaria-Animal-House-100063496242751\/","article_modified_time":"2021-08-31T23:08:17+00:00","twitter_card":"summary_large_image","twitter_misc":{"Estimated reading time":"2 minutes"},"schema":{"@context":"https:\/\/schema.org","@graph":[{"@type":"WebPage","@id":"https:\/\/animalhouse.es\/vetplan-puppy-basico\/","url":"https:\/\/animalhouse.es\/vetplan-puppy-basico\/","name":"Vetplan Puppy B\u00e1sico - Animal House","isPartOf":{"@id":"https:\/\/animalhouse.es\/#website"},"datePublished":"2021-08-11T17:58:43+00:00","dateModified":"2021-08-31T23:08:17+00:00","breadcrumb":{"@id":"https:\/\/animalhouse.es\/vetplan-puppy-basico\/#breadcrumb"},"inLanguage":"en-GB","potentialAction":[{"@type":"ReadAction","target":["https:\/\/animalhouse.es\/vetplan-puppy-basico\/"]}]},{"@type":"BreadcrumbList","@id":"https:\/\/animalhouse.es\/vetplan-puppy-basico\/#breadcrumb","itemListElement":[{"@type":"ListItem","position":1,"name":"Portada","item":"https:\/\/animalhouse.es\/"},{"@type":"ListItem","position":2,"name":"Vetplan Puppy B\u00e1sico"}]},{"@type":"WebSite","@id":"https:\/\/animalhouse.es\/#website","url":"https:\/\/animalhouse.es\/","name":"Animal House","description":"Cl\u00ednica Veterinaria Marbella","publisher":{"@id":"https:\/\/animalhouse.es\/#organization"},"potentialAction":[{"@type":"SearchAction","target":{"@type":"EntryPoint","urlTemplate":"https:\/\/animalhouse.es\/?s={search_term_string}"},"query-input":{"@type":"PropertyValueSpecification","valueRequired":true,"valueName":"search_term_string"}}],"inLanguage":"en-GB"},{"@type":"Organization","@id":"https:\/\/animalhouse.es\/#organization","name":"Cl\u00ednica veterinaria Animal House","url":"https:\/\/animalhouse.es\/","logo":{"@type":"ImageObject","inLanguage":"en-GB","@id":"https:\/\/animalhouse.es\/#\/schema\/logo\/image\/","url":"https:\/\/animalhouse.es\/wp-content\/uploads\/2017\/03\/slider-1.jpg","contentUrl":"https:\/\/animalhouse.es\/wp-content\/uploads\/2017\/03\/slider-1.jpg","width":1200,"height":850,"caption":"Cl\u00ednica veterinaria Animal House"},"image":{"@id":"https:\/\/animalhouse.es\/#\/schema\/logo\/image\/"},"sameAs":["https:\/\/www.facebook.com\/p\/Cl\u00ednica-Veterinaria-Animal-House-100063496242751\/"]}]}},"_links":{"self":[{"href":"https:\/\/animalhouse.es\/en\/wp-json\/wp\/v2\/pages\/17616","targetHints":{"allow":["GET"]}}],"collection":[{"href":"https:\/\/animalhouse.es\/en\/wp-json\/wp\/v2\/pages"}],"about":[{"href":"https:\/\/animalhouse.es\/en\/wp-json\/wp\/v2\/types\/page"}],"author":[{"embeddable":true,"href":"https:\/\/animalhouse.es\/en\/wp-json\/wp\/v2\/users\/2"}],"replies":[{"embeddable":true,"href":"https:\/\/animalhouse.es\/en\/wp-json\/wp\/v2\/comments?post=17616"}],"version-history":[{"count":13,"href":"https:\/\/animalhouse.es\/en\/wp-json\/wp\/v2\/pages\/17616\/revisions"}],"predecessor-version":[{"id":17683,"href":"https:\/\/animalhouse.es\/en\/wp-json\/wp\/v2\/pages\/17616\/revisions\/17683"}],"wp:attachment":[{"href":"https:\/\/animalhouse.es\/en\/wp-json\/wp\/v2\/media?parent=17616"}],"curies":[{"name":"wp","href":"https:\/\/api.w.org\/{rel}","templated":true}]}}