{"id":17647,"date":"2021-08-31T22:50:17","date_gmt":"2021-08-31T21:50:17","guid":{"rendered":"http:\/\/animalhouse.es\/?page_id=17647"},"modified":"2021-08-31T23:06:17","modified_gmt":"2021-08-31T22:06:17","slug":"vetplan-basico","status":"publish","type":"page","link":"https:\/\/animalhouse.es\/en\/vetplan-basico\/","title":{"rendered":"Vetplan B\u00e1sico"},"content":{"rendered":"<div      class=\"vc_row wpb_row section vc_row-fluid\" style=' text-align:left;'><div class=\"full_section_inner clearfix\"><div class=\"wpb_column vc_column_container vc_col-sm-12\"><div class=\"vc_column-inner\"><div class=\"wpb_wrapper\">\n\t<div class=\"wpb_single_image wpb_content_element vc_align_center\">\n\t\t<div class=\"wpb_wrapper\">\n\t\t\t\n\t\t\t<div class=\"vc_single_image-wrapper   vc_box_border_grey\"><img fetchpriority=\"high\" decoding=\"async\" width=\"600\" height=\"174\" src=\"https:\/\/animalhouse.es\/wp-content\/uploads\/2021\/07\/Logo-basico-ancho600-VETPLAN-14-01-2020.png\" class=\"vc_single_image-img attachment-full\" alt=\"\" srcset=\"https:\/\/animalhouse.es\/wp-content\/uploads\/2021\/07\/Logo-basico-ancho600-VETPLAN-14-01-2020.png 600w, https:\/\/animalhouse.es\/wp-content\/uploads\/2021\/07\/Logo-basico-ancho600-VETPLAN-14-01-2020-300x87.png 300w\" sizes=\"(max-width: 600px) 100vw, 600px\" \/><\/div>\n\t\t<\/div>\n\t<\/div>\n<\/div><\/div><\/div><\/div><\/div><div      class=\"vc_row wpb_row section vc_row-fluid\" style=' text-align:left;'><div class=\"full_section_inner clearfix\"><div class=\"wpb_column vc_column_container vc_col-sm-12\"><div class=\"vc_column-inner\"><div class=\"wpb_wrapper\">\t<div class=\"vc_empty_space\"  style=\"height: 50px\" ><span\n\t\t\tclass=\"vc_empty_space_inner\">\n\t\t\t<span class=\"empty_space_image\"  ><\/span>\n\t\t<\/span><\/div>\n\n\n\t<div class=\"wpb_text_column wpb_content_element\">\n\t\t<div class=\"wpb_wrapper\">\n\t\t\t<h3 style=\"text-align: center;\">Con Vetplan B\u00e1sico, t\u00fa y tu mascota os sentir\u00e9is siempre como clientes VIP<\/h3>\n\n\t\t<\/div> \n\t<\/div> \t<div class=\"vc_empty_space\"  style=\"height: 32px\" ><span\n\t\t\tclass=\"vc_empty_space_inner\">\n\t\t\t<span class=\"empty_space_image\"  ><\/span>\n\t\t<\/span><\/div>\n\n\n\t<div class=\"wpb_single_image wpb_content_element vc_align_center\">\n\t\t<div class=\"wpb_wrapper\">\n\t\t\t\n\t\t\t<div class=\"vc_single_image-wrapper   vc_box_border_grey\"><img decoding=\"async\" width=\"406\" height=\"90\" src=\"https:\/\/animalhouse.es\/wp-content\/uploads\/2021\/08\/vetplan-basico-precio-VETPLAN-12-03-2020.png\" class=\"vc_single_image-img attachment-full\" alt=\"\" srcset=\"https:\/\/animalhouse.es\/wp-content\/uploads\/2021\/08\/vetplan-basico-precio-VETPLAN-12-03-2020.png 406w, https:\/\/animalhouse.es\/wp-content\/uploads\/2021\/08\/vetplan-basico-precio-VETPLAN-12-03-2020-300x67.png 300w, https:\/\/animalhouse.es\/wp-content\/uploads\/2021\/08\/vetplan-basico-precio-VETPLAN-12-03-2020-400x90.png 400w\" sizes=\"(max-width: 406px) 100vw, 406px\" \/><\/div>\n\t\t<\/div>\n\t<\/div>\n\t<div class=\"vc_empty_space\"  style=\"height: 32px\" ><span\n\t\t\tclass=\"vc_empty_space_inner\">\n\t\t\t<span class=\"empty_space_image\"  ><\/span>\n\t\t<\/span><\/div>\n\n\n\t<div class=\"wpb_text_column wpb_content_element\">\n\t\t<div class=\"wpb_wrapper\">\n\t\t\t<h3>Vacunaci\u00f3n antirr\u00e1bica<\/h3>\n\n\t\t<\/div> \n\t<\/div> \n\t<div class=\"wpb_text_column wpb_content_element\">\n\t\t<div class=\"wpb_wrapper\">\n\t\t\t<p>Las vacunaciones necesarias contra la <strong>R\u00e1bia.<\/strong><\/p>\n\n\t\t<\/div> \n\t<\/div> \n\t<div class=\"wpb_text_column wpb_content_element\">\n\t\t<div class=\"wpb_wrapper\">\n\t\t\t<h3>Vacunaci\u00f3n extra<\/h3>\n\n\t\t<\/div> \n\t<\/div> \n\t<div class=\"wpb_text_column wpb_content_element\">\n\t\t<div class=\"wpb_wrapper\">\n\t\t\t<p>Las vacunaciones necesarias para la\u00a0<strong>prevenci\u00f3n de las enfermedades v\u00edricas y bacterianas m\u00e1s comunes<\/strong>\u00a0en nuestra geograf\u00eda incluyendo la\u00a0<strong>Leptospirosis\u00a0<\/strong>(transmisible a personas),\u00a0<strong>Moquillo canino, Hepatitis v\u00edrica canina<\/strong>\u00a0y\u00a0<strong>Parvovirosis<\/strong>\u00a0<strong>canina<\/strong>\u00a0o en el caso de los felinos la prevenci\u00f3n contra\u00a0<strong>Calicivirus<\/strong>,\u00a0<strong>Rinotraqueitis<\/strong>,\u00a0<strong>Panleucopenia<\/strong>\u00a0y\u00a0<strong>Leucemia<\/strong>\u00a0<strong>Felina<\/strong>.<\/p>\n\n\t\t<\/div> \n\t<\/div> \n\t<div class=\"wpb_text_column wpb_content_element\">\n\t\t<div class=\"wpb_wrapper\">\n\t\t\t<h3>Desparasitaciones internas<\/h3>\n\n\t\t<\/div> \n\t<\/div> \n\t<div class=\"wpb_text_column wpb_content_element\">\n\t\t<div class=\"wpb_wrapper\">\n\t\t\t<p>Se aplicar\u00e1n trimestralmente en tu centro veterinario asociado los tratamientos necesarios para la\u00a0<strong>prevenci\u00f3n de los par\u00e1sitos intestinales m\u00e1s comunes<\/strong>\u00a0incluyendo entre ellos el de la enfermedad transmisible al hombre de la Equinococosis.<\/p>\n\n\t\t<\/div> \n\t<\/div> \n\t<div class=\"wpb_text_column wpb_content_element\">\n\t\t<div class=\"wpb_wrapper\">\n\t\t\t<h3>Desparasitaciones externas<\/h3>\n\n\t\t<\/div> \n\t<\/div> \n\t<div class=\"wpb_text_column wpb_content_element\">\n\t\t<div class=\"wpb_wrapper\">\n\t\t\t<p>Se aplicar\u00e1n mensualmente en tu centro veterinario asociado los tratamientos necesarios para la\u00a0<strong>prevenci\u00f3n de pulgas y garrapatas<\/strong>\u00a0previniendo as\u00ed tambi\u00e9n las enfermedades transmitidas por \u00e9stas.<\/p>\n\n\t\t<\/div> \n\t<\/div> \n\t<div class=\"wpb_text_column wpb_content_element\">\n\t\t<div class=\"wpb_wrapper\">\n\t\t\t<h3>Revisi\u00f3n anual<\/h3>\n\n\t\t<\/div> \n\t<\/div> \n\t<div class=\"wpb_text_column wpb_content_element\">\n\t\t<div class=\"wpb_wrapper\">\n\t\t\t<p>Incluida una revisi\u00f3n veterinaria anual de tu mascota junto con un\u00a0<strong>an\u00e1lisis sangu\u00edneo<\/strong>\u00a0de control de los principales par\u00e1metros hematol\u00f3gicos y bioqu\u00edmicos\u00a0<strong>para la detecci\u00f3n temprana de posibles alteraciones en su salud.<\/strong><\/p>\n\n\t\t<\/div> \n\t<\/div> \n\t<div class=\"wpb_text_column wpb_content_element\">\n\t\t<div class=\"wpb_wrapper\">\n\t\t\t<h3>Consultas veterinarias ilimitadas<\/h3>\n\n\t\t<\/div> \n\t<\/div> \n\t<div class=\"wpb_text_column wpb_content_element\">\n\t\t<div class=\"wpb_wrapper\">\n\t\t\t<p>Durante la vigencia del contrato a un precio especial de s\u00f3lo 10\u20ac por consulta. Para ello ser\u00e1 necesario solicitar cita previa en tu centro (NO INCLUIDAS EN ESTE PRECIO CONSULTAS DE ESPECIALIDAD NI DURANTE HORARIO DE URGENCIAS).<\/p>\n\n\t\t<\/div> \n\t<\/div> \t<div class=\"vc_empty_space\"  style=\"height: 32px\" ><span\n\t\t\tclass=\"vc_empty_space_inner\">\n\t\t\t<span class=\"empty_space_image\"  ><\/span>\n\t\t<\/span><\/div>\n\n<div class=\"call_to_action normal\" style=\"background-color: #68b9d9;\"><div class=\"container_inner\"><div class=\"two_columns_75_25 clearfix\"><div class=\"text_wrapper column1\"><div class=\"call_to_action_text\" style=\"\"><span style=\"color: #ffffff;\"><strong>Ponte en contacto con nosotros para obtener m\u00e1s informaci\u00f3n.<\/strong><\/span><\/div><\/div><div class=\"button_wrapper column2\"><a itemprop=\"url\" href=\"\/en\/contacto\/\" class=\"qbutton white\" target=\"\" style=\"\" >CONTACTO<\/a><\/div><\/div><\/div><\/div>\n\t<div class=\"wpb_single_image wpb_content_element vc_align_center\">\n\t\t<div class=\"wpb_wrapper\">\n\t\t\t\n\t\t\t<div class=\"vc_single_image-wrapper   vc_box_border_grey\"><img decoding=\"async\" width=\"1024\" height=\"586\" src=\"https:\/\/animalhouse.es\/wp-content\/uploads\/2021\/08\/vetplan-basico-VETPLAN-1.jpg\" class=\"vc_single_image-img attachment-full\" alt=\"\" srcset=\"https:\/\/animalhouse.es\/wp-content\/uploads\/2021\/08\/vetplan-basico-VETPLAN-1.jpg 1024w, https:\/\/animalhouse.es\/wp-content\/uploads\/2021\/08\/vetplan-basico-VETPLAN-1-300x172.jpg 300w, https:\/\/animalhouse.es\/wp-content\/uploads\/2021\/08\/vetplan-basico-VETPLAN-1-768x440.jpg 768w, https:\/\/animalhouse.es\/wp-content\/uploads\/2021\/08\/vetplan-basico-VETPLAN-1-345x198.jpg 345w, https:\/\/animalhouse.es\/wp-content\/uploads\/2021\/08\/vetplan-basico-VETPLAN-1-700x401.jpg 700w\" sizes=\"(max-width: 1024px) 100vw, 1024px\" \/><\/div>\n\t\t<\/div>\n\t<\/div>\n<\/div><\/div><\/div><\/div><\/div><div      class=\"vc_row wpb_row section vc_row-fluid\" style=' text-align:left;'><div class=\"full_section_inner clearfix\"><div class=\"wpb_column vc_column_container vc_col-sm-12\"><div class=\"vc_column-inner\"><div class=\"wpb_wrapper\"><\/div><\/div><\/div><\/div><\/div>","protected":false},"excerpt":{"rendered":"Con Vetplan B\u00e1sico, t\u00fa y tu mascota os sentir\u00e9is siempre como clientes VIP Vacunaci\u00f3n antirr\u00e1bica Las vacunaciones necesarias contra la R\u00e1bia. Vacunaci\u00f3n extra Las vacunaciones necesarias para la\u00a0prevenci\u00f3n de las enfermedades v\u00edricas y bacterianas m\u00e1s comunes\u00a0en nuestra geograf\u00eda incluyendo la\u00a0Leptospirosis\u00a0(transmisible a personas),\u00a0Moquillo canino, Hepatitis v\u00edrica...","protected":false},"author":2,"featured_media":0,"parent":0,"menu_order":0,"comment_status":"closed","ping_status":"closed","template":"","meta":{"_joinchat":[],"footnotes":""},"class_list":["post-17647","page","type-page","status-publish","hentry"],"yoast_head":"<!-- This site is optimized with the Yoast SEO plugin v25.8 - https:\/\/yoast.com\/wordpress\/plugins\/seo\/ -->\n<title>Vetplan B\u00e1sico - Animal House<\/title>\n<meta name=\"robots\" content=\"index, follow, max-snippet:-1, max-image-preview:large, max-video-preview:-1\" \/>\n<link rel=\"canonical\" href=\"https:\/\/animalhouse.es\/en\/vetplan-basico\/\" \/>\n<meta property=\"og:locale\" content=\"en_GB\" \/>\n<meta property=\"og:type\" content=\"article\" \/>\n<meta property=\"og:title\" content=\"Vetplan B\u00e1sico - Animal House\" \/>\n<meta property=\"og:url\" content=\"https:\/\/animalhouse.es\/en\/vetplan-basico\/\" \/>\n<meta property=\"og:site_name\" content=\"Animal House\" \/>\n<meta property=\"article:publisher\" content=\"https:\/\/www.facebook.com\/p\/Cl%c3%adnica-Veterinaria-Animal-House-100063496242751\/\" \/>\n<meta property=\"article:modified_time\" content=\"2021-08-31T22:06:17+00:00\" \/>\n<meta name=\"twitter:card\" content=\"summary_large_image\" \/>\n<meta name=\"twitter:label1\" content=\"Estimated reading time\" \/>\n\t<meta name=\"twitter:data1\" content=\"2 minutes\" \/>\n<script type=\"application\/ld+json\" class=\"yoast-schema-graph\">{\"@context\":\"https:\/\/schema.org\",\"@graph\":[{\"@type\":\"WebPage\",\"@id\":\"https:\/\/animalhouse.es\/vetplan-basico\/\",\"url\":\"https:\/\/animalhouse.es\/vetplan-basico\/\",\"name\":\"Vetplan B\u00e1sico - Animal House\",\"isPartOf\":{\"@id\":\"https:\/\/animalhouse.es\/#website\"},\"datePublished\":\"2021-08-31T21:50:17+00:00\",\"dateModified\":\"2021-08-31T22:06:17+00:00\",\"breadcrumb\":{\"@id\":\"https:\/\/animalhouse.es\/vetplan-basico\/#breadcrumb\"},\"inLanguage\":\"en-GB\",\"potentialAction\":[{\"@type\":\"ReadAction\",\"target\":[\"https:\/\/animalhouse.es\/vetplan-basico\/\"]}]},{\"@type\":\"BreadcrumbList\",\"@id\":\"https:\/\/animalhouse.es\/vetplan-basico\/#breadcrumb\",\"itemListElement\":[{\"@type\":\"ListItem\",\"position\":1,\"name\":\"Portada\",\"item\":\"https:\/\/animalhouse.es\/\"},{\"@type\":\"ListItem\",\"position\":2,\"name\":\"Vetplan B\u00e1sico\"}]},{\"@type\":\"WebSite\",\"@id\":\"https:\/\/animalhouse.es\/#website\",\"url\":\"https:\/\/animalhouse.es\/\",\"name\":\"Animal House\",\"description\":\"Cl\u00ednica Veterinaria Marbella\",\"publisher\":{\"@id\":\"https:\/\/animalhouse.es\/#organization\"},\"potentialAction\":[{\"@type\":\"SearchAction\",\"target\":{\"@type\":\"EntryPoint\",\"urlTemplate\":\"https:\/\/animalhouse.es\/?s={search_term_string}\"},\"query-input\":{\"@type\":\"PropertyValueSpecification\",\"valueRequired\":true,\"valueName\":\"search_term_string\"}}],\"inLanguage\":\"en-GB\"},{\"@type\":\"Organization\",\"@id\":\"https:\/\/animalhouse.es\/#organization\",\"name\":\"Cl\u00ednica veterinaria Animal House\",\"url\":\"https:\/\/animalhouse.es\/\",\"logo\":{\"@type\":\"ImageObject\",\"inLanguage\":\"en-GB\",\"@id\":\"https:\/\/animalhouse.es\/#\/schema\/logo\/image\/\",\"url\":\"https:\/\/animalhouse.es\/wp-content\/uploads\/2017\/03\/slider-1.jpg\",\"contentUrl\":\"https:\/\/animalhouse.es\/wp-content\/uploads\/2017\/03\/slider-1.jpg\",\"width\":1200,\"height\":850,\"caption\":\"Cl\u00ednica veterinaria Animal House\"},\"image\":{\"@id\":\"https:\/\/animalhouse.es\/#\/schema\/logo\/image\/\"},\"sameAs\":[\"https:\/\/www.facebook.com\/p\/Cl\u00ednica-Veterinaria-Animal-House-100063496242751\/\"]}]}<\/script>\n<!-- \/ Yoast SEO plugin. -->","yoast_head_json":{"title":"Vetplan B\u00e1sico - Animal House","robots":{"index":"index","follow":"follow","max-snippet":"max-snippet:-1","max-image-preview":"max-image-preview:large","max-video-preview":"max-video-preview:-1"},"canonical":"https:\/\/animalhouse.es\/en\/vetplan-basico\/","og_locale":"en_GB","og_type":"article","og_title":"Vetplan B\u00e1sico - Animal House","og_url":"https:\/\/animalhouse.es\/en\/vetplan-basico\/","og_site_name":"Animal House","article_publisher":"https:\/\/www.facebook.com\/p\/Cl%c3%adnica-Veterinaria-Animal-House-100063496242751\/","article_modified_time":"2021-08-31T22:06:17+00:00","twitter_card":"summary_large_image","twitter_misc":{"Estimated reading time":"2 minutes"},"schema":{"@context":"https:\/\/schema.org","@graph":[{"@type":"WebPage","@id":"https:\/\/animalhouse.es\/vetplan-basico\/","url":"https:\/\/animalhouse.es\/vetplan-basico\/","name":"Vetplan B\u00e1sico - Animal House","isPartOf":{"@id":"https:\/\/animalhouse.es\/#website"},"datePublished":"2021-08-31T21:50:17+00:00","dateModified":"2021-08-31T22:06:17+00:00","breadcrumb":{"@id":"https:\/\/animalhouse.es\/vetplan-basico\/#breadcrumb"},"inLanguage":"en-GB","potentialAction":[{"@type":"ReadAction","target":["https:\/\/animalhouse.es\/vetplan-basico\/"]}]},{"@type":"BreadcrumbList","@id":"https:\/\/animalhouse.es\/vetplan-basico\/#breadcrumb","itemListElement":[{"@type":"ListItem","position":1,"name":"Portada","item":"https:\/\/animalhouse.es\/"},{"@type":"ListItem","position":2,"name":"Vetplan B\u00e1sico"}]},{"@type":"WebSite","@id":"https:\/\/animalhouse.es\/#website","url":"https:\/\/animalhouse.es\/","name":"Animal House","description":"Cl\u00ednica Veterinaria Marbella","publisher":{"@id":"https:\/\/animalhouse.es\/#organization"},"potentialAction":[{"@type":"SearchAction","target":{"@type":"EntryPoint","urlTemplate":"https:\/\/animalhouse.es\/?s={search_term_string}"},"query-input":{"@type":"PropertyValueSpecification","valueRequired":true,"valueName":"search_term_string"}}],"inLanguage":"en-GB"},{"@type":"Organization","@id":"https:\/\/animalhouse.es\/#organization","name":"Cl\u00ednica veterinaria Animal House","url":"https:\/\/animalhouse.es\/","logo":{"@type":"ImageObject","inLanguage":"en-GB","@id":"https:\/\/animalhouse.es\/#\/schema\/logo\/image\/","url":"https:\/\/animalhouse.es\/wp-content\/uploads\/2017\/03\/slider-1.jpg","contentUrl":"https:\/\/animalhouse.es\/wp-content\/uploads\/2017\/03\/slider-1.jpg","width":1200,"height":850,"caption":"Cl\u00ednica veterinaria Animal House"},"image":{"@id":"https:\/\/animalhouse.es\/#\/schema\/logo\/image\/"},"sameAs":["https:\/\/www.facebook.com\/p\/Cl\u00ednica-Veterinaria-Animal-House-100063496242751\/"]}]}},"_links":{"self":[{"href":"https:\/\/animalhouse.es\/en\/wp-json\/wp\/v2\/pages\/17647","targetHints":{"allow":["GET"]}}],"collection":[{"href":"https:\/\/animalhouse.es\/en\/wp-json\/wp\/v2\/pages"}],"about":[{"href":"https:\/\/animalhouse.es\/en\/wp-json\/wp\/v2\/types\/page"}],"author":[{"embeddable":true,"href":"https:\/\/animalhouse.es\/en\/wp-json\/wp\/v2\/users\/2"}],"replies":[{"embeddable":true,"href":"https:\/\/animalhouse.es\/en\/wp-json\/wp\/v2\/comments?post=17647"}],"version-history":[{"count":14,"href":"https:\/\/animalhouse.es\/en\/wp-json\/wp\/v2\/pages\/17647\/revisions"}],"predecessor-version":[{"id":17663,"href":"https:\/\/animalhouse.es\/en\/wp-json\/wp\/v2\/pages\/17647\/revisions\/17663"}],"wp:attachment":[{"href":"https:\/\/animalhouse.es\/en\/wp-json\/wp\/v2\/media?parent=17647"}],"curies":[{"name":"wp","href":"https:\/\/api.w.org\/{rel}","templated":true}]}}