{"id":17696,"date":"2021-09-01T00:38:56","date_gmt":"2021-08-31T23:38:56","guid":{"rendered":"http:\/\/animalhouse.es\/?page_id=17696"},"modified":"2026-01-23T17:34:37","modified_gmt":"2026-01-23T16:34:37","slug":"servicios","status":"publish","type":"page","link":"https:\/\/animalhouse.es\/en\/servicios\/","title":{"rendered":"Servicios"},"content":{"rendered":"<div      class=\"vc_row wpb_row section vc_row-fluid\" style=' text-align:left;'><div class=\"full_section_inner clearfix\"><div class=\"wpb_column vc_column_container vc_col-sm-12\"><div class=\"vc_column-inner\"><div class=\"wpb_wrapper\">\t<div class=\"vc_empty_space\"  style=\"height: 32px\" ><span\n\t\t\tclass=\"vc_empty_space_inner\">\n\t\t\t<span class=\"empty_space_image\"  ><\/span>\n\t\t<\/span><\/div>\n\n<\/div><\/div><\/div><\/div><\/div><div      class=\"vc_row wpb_row section vc_row-fluid  vc_custom_1491127588448 grid_section\" style='background-color:#ffffff; text-align:left;'><div class=\"section_inner clearfix\"><div class='section_inner_margin clearfix'><div class=\"wpb_column vc_column_container vc_col-sm-4\"><div class=\"vc_column-inner\"><div class=\"wpb_wrapper\"><div class='q_icon_with_title small normal_icon center'><div class=\"icon_holder q_icon_animation\" style=\" \"><span data-icon-type=\"normal\"  data-icon-hover-color=\"#828282\" style=\"\" class=\"qode_iwt_icon_holder q_font_awsome_icon fa-2x\"><i class=\"qode_icon_font_awesome fa fa-heart-o qode_iwt_icon_element\" style=\"color: #68b9d9;\" ><\/i><\/span><\/div><div class=\"icon_text_holder\" style=\"\"><div class=\"icon_text_inner\" style=\"\"><h2 class=\"icon_title\" style=\"\">CIRUG\u00cdA GENERAL ESPECIALIZADA<\/h2><div class=\"separator  small left\" style=\"margin-top: 0px;margin-bottom: 15px;background-color: #68b9d9;height: 2px;width: 50px;\"><\/div>\n<p style=''>La cirug\u00eda ocupa un papel principal en nuestro trabajo del d\u00eda a d\u00eda, realizando una media de 365 intervenciones anuales. Por eso contamos en Animal House con un quir\u00f3fano propio y completo.<\/p><a itemprop='url' class='icon_with_title_link' href='\/en\/cirugia-general-y-especializada\/' target='_self' style='color: #779dd5;'>Leer m\u00e1s<\/a><\/div><\/div><\/div><\/div><\/div><\/div><div class=\"wpb_column vc_column_container vc_col-sm-4\"><div class=\"vc_column-inner\"><div class=\"wpb_wrapper\"><div class='q_icon_with_title small normal_icon center'><div class=\"icon_holder q_icon_animation\" style=\" \"><span data-icon-type=\"normal\"  data-icon-hover-color=\"#828282\" style=\"\" class=\"qode_iwt_icon_holder q_font_awsome_icon fa-2x\"><i class=\"qode_icon_font_awesome fa fa-circle-o-notch qode_iwt_icon_element\" style=\"color: #68b9d9;\" ><\/i><\/span><\/div><div class=\"icon_text_holder\" style=\"\"><div class=\"icon_text_inner\" style=\"\"><h2 class=\"icon_title\" style=\"\">ECOGRAF\u00cdA<\/h2><div class=\"separator  small left\" style=\"margin-top: 0px;margin-bottom: 15px;background-color: #68b9d9;height: 2px;width: 50px;\"><\/div>\n<p style=''>La ecograf\u00eda, ultrasonograf\u00eda o ecosonograf\u00eda es un procedimiento de imagenolog\u00eda que emplea los ecos de una emisi\u00f3n de ultrasonidos dirigida sobre un cuerpo u objeto como fuente de datos para formar una imagen de los \u00f3rganos o masas internas con fines diagn\u00f3sticos.<\/p><a itemprop='url' class='icon_with_title_link' href='\/en\/ecografia-y-ecocardiografia\/' target='_self' style='color: #779dd5;'>Leer m\u00e1s<\/a><\/div><\/div><\/div><\/div><\/div><\/div><div class=\"wpb_column vc_column_container vc_col-sm-4\"><div class=\"vc_column-inner\"><div class=\"wpb_wrapper\"><div class='q_icon_with_title small normal_icon center'><div class=\"icon_holder q_icon_animation\" style=\" \"><span data-icon-type=\"normal\"  data-icon-hover-color=\"#828282\" style=\"\" class=\"qode_iwt_icon_holder q_font_awsome_icon fa-2x\"><i class=\"qode_icon_font_awesome fa fa-desktop qode_iwt_icon_element\" style=\"color: #68b9d9;\" ><\/i><\/span><\/div><div class=\"icon_text_holder\" style=\"\"><div class=\"icon_text_inner\" style=\"\"><h2 class=\"icon_title\" style=\"\">RADIOGRAF\u00cdA DIGITAL<\/h2><div class=\"separator  small left\" style=\"margin-top: 0px;margin-bottom: 15px;background-color: #68b9d9;height: 2px;width: 50px;\"><\/div>\n<p style=''>Contamos con un equipo de radiolog\u00eda digital que nos permite obtener im\u00e1genes radiol\u00f3gicas de alta calidad en poco tiempo, lo que nos implica un avance en el diagn\u00f3stico.<\/p><a itemprop='url' class='icon_with_title_link' href='\/en\/radiologia-digital\/' target='_self' style='color: #779dd5;'>Leer m\u00e1s<\/a><\/div><\/div><\/div><\/div><\/div><\/div><\/div><\/div><\/div><div      class=\"vc_row wpb_row section vc_row-fluid  grid_section\" style='background-color:#ffffff; text-align:left;'><div class=\"section_inner clearfix\"><div class='section_inner_margin clearfix'><div class=\"wpb_column vc_column_container vc_col-sm-4\"><div class=\"vc_column-inner\"><div class=\"wpb_wrapper\"><div class='q_icon_with_title small normal_icon center'><div class=\"icon_holder q_icon_animation\" style=\" \"><span data-icon-type=\"normal\"  data-icon-hover-color=\"#828282\" style=\"\" class=\"qode_iwt_icon_holder q_font_awsome_icon fa-2x\"><i class=\"qode_icon_font_awesome fa fa-flask qode_iwt_icon_element\" style=\"color: #68b9d9;\" ><\/i><\/span><\/div><div class=\"icon_text_holder\" style=\"\"><div class=\"icon_text_inner\" style=\"\"><h2 class=\"icon_title\" style=\"\">AN\u00c1LISIS Y LABORATORIO PROPIO<\/h2><div class=\"separator  small left\" style=\"margin-top: 0px;margin-bottom: 15px;background-color: #68b9d9;height: 2px;width: 50px;\"><\/div>\n<p style=''>A nuestra disposici\u00f3n las 24 horas, que permite obtener resultados inmediatos, con la mayor fiabilidad, para emitir un diagn\u00f3stico e implementar el tratamiento adecuado de manera r\u00e1pida y efectiva.<\/p><a itemprop='url' class='icon_with_title_link' href='\/en\/analisis-y-laboratorio-propio\/' target='_self' style='color: #779dd5;'>Leer m\u00e1s<\/a><\/div><\/div><\/div><\/div><\/div><\/div><div class=\"wpb_column vc_column_container vc_col-sm-4\"><div class=\"vc_column-inner\"><div class=\"wpb_wrapper\"><div class='q_icon_with_title small normal_icon center'><div class=\"icon_holder q_icon_animation\" style=\" \"><span data-icon-type=\"normal\"  data-icon-hover-color=\"#828282\" style=\"\" class=\"qode_iwt_icon_holder q_font_awsome_icon fa-2x\"><i class=\"qode_icon_font_awesome fa fa-home qode_iwt_icon_element\" style=\"color: #68b9d9;\" ><\/i><\/span><\/div><div class=\"icon_text_holder\" style=\"\"><div class=\"icon_text_inner\" style=\"\"><h2 class=\"icon_title\" style=\"\">VISITA A DOMICILIO<\/h2><div class=\"separator  small left\" style=\"margin-top: 0px;margin-bottom: 15px;background-color: #68b9d9;height: 2px;width: 50px;\"><\/div>\n<p style=''>Entendemos que a veces es complicado desplazar a nuestras mascotas hasta el Centro Veterinario para ser atendidos. En el caso de los gatos, podemos evitar su estr\u00e9s si realizamos la consulta en su domicilio habitual. Por ello, ofrecemos la posibilidad de realizar visitas por todo el territorio Municipal y sus cercan\u00edas.<\/p><a itemprop='url' class='icon_with_title_link' href='https:\/\/animalhouse.es\/en\/contacto\/' target='_self' style='color: #779dd5;'>Solicitar<\/a><\/div><\/div><\/div><\/div><\/div><\/div><div class=\"wpb_column vc_column_container vc_col-sm-4\"><div class=\"vc_column-inner\"><div class=\"wpb_wrapper\"><div class='q_icon_with_title small normal_icon center'><div class=\"icon_holder q_icon_animation\" style=\" \"><span data-icon-type=\"normal\"  data-icon-hover-color=\"#828282\" style=\"\" class=\"qode_iwt_icon_holder q_font_awsome_icon fa-2x\"><i class=\"qode_icon_font_awesome fa fa-medkit qode_iwt_icon_element\" style=\"color: #68b9d9;\" ><\/i><\/span><\/div><div class=\"icon_text_holder\" style=\"\"><div class=\"icon_text_inner\" style=\"\"><h2 class=\"icon_title\" style=\"\">HOSPITALIZACI\u00d3N Y UCI<\/h2><div class=\"separator  small left\" style=\"margin-top: 0px;margin-bottom: 15px;background-color: #68b9d9;height: 2px;width: 50px;\"><\/div>\n<p style=''>A veces es necesario y recomendable hospitalizar a nuestras mascotas; para poder aplicar los tratamientos, fluidoterapia, o por simple vigilancia de los s\u00edntomas.<\/p><a itemprop='url' class='icon_with_title_link' href='\/en\/hospitalizacion-y-uci\/' target='_self' style='color: #779dd5;'>Leer m\u00e1s<\/a><\/div><\/div><\/div><\/div><\/div><\/div><\/div><\/div><\/div><div      class=\"vc_row wpb_row section vc_row-fluid  grid_section\" style='background-color:#ffffff; text-align:left;'><div class=\"section_inner clearfix\"><div class='section_inner_margin clearfix'><div class=\"wpb_column vc_column_container vc_col-sm-4\"><div class=\"vc_column-inner\"><div class=\"wpb_wrapper\"><div class='q_icon_with_title small normal_icon center'><div class=\"icon_holder q_icon_animation\" style=\" \"><span data-icon-type=\"normal\"  data-icon-hover-color=\"#828282\" style=\"\" class=\"qode_iwt_icon_holder q_font_awsome_icon fa-2x\"><i class=\"qode_icon_font_awesome fa fa-heartbeat qode_iwt_icon_element\" style=\"color: #68b9d9;\" ><\/i><\/span><\/div><div class=\"icon_text_holder\" style=\"\"><div class=\"icon_text_inner\" style=\"\"><h2 class=\"icon_title\" style=\"\">PLANES DE SALUD<\/h2><div class=\"separator  small left\" style=\"margin-top: 0px;margin-bottom: 15px;background-color: #68b9d9;height: 2px;width: 50px;\"><\/div>\n<p style=''>La Cl\u00ednica Veterinaria Animal House ofrece a sus clientes el seguro para mascotas VETPLAN. Nuestra filosof\u00eda se basa en la prevenci\u00f3n y hacer que la consulta veterinaria est\u00e9 al alcance de todos los bolsillos.<\/p><a itemprop='url' class='icon_with_title_link' href='https:\/\/animalhouse.es\/en\/planes-de-salud\/' target='_self' style='color: #779dd5;'>Leer m\u00e1s<\/a><\/div><\/div><\/div><\/div><\/div><\/div><\/div><\/div><\/div><div     data-q_header_style=\"light\" class=\"vc_row wpb_row section vc_row-fluid  vc_custom_1495994030625 in_content_menu full_screen_section\" style=' text-align:left;'><div class=\"full_section_inner clearfix\"><div class=\"wpb_column vc_column_container vc_col-sm-12\"><div class=\"vc_column-inner\"><div class=\"wpb_wrapper\"><div      class=\"vc_row wpb_row section vc_row-fluid vc_inner\" style=' text-align:center;'><div class=\"full_section_inner clearfix\"><div class=\"wpb_column vc_column_container vc_col-sm-12\"><div class=\"vc_column-inner\"><div class=\"wpb_wrapper\"><div class=\"call_to_action normal\" style=\"background-color: #68b9d9;padding-top: 32px;padding-bottom: 32px;\"><div class=\"container_inner\"><div class=\"two_columns_75_25 clearfix\"><div class=\"text_wrapper column1\"><div class=\"call_to_action_text\" style=\"\">\n<h3 style=\"text-align: center;\"><span style=\"color: #ffffff;\">Porque son \u00fanicos nuestra atenci\u00f3n es diferente<\/span><\/h3>\n<\/div><\/div><div class=\"button_wrapper column2\"><a itemprop=\"url\" href=\"\/en\/contacto\/\" class=\"qbutton white\" target=\"\" style=\"\" data-hover-color=\"#68b9d9\">CITA PREVIA<\/a><\/div><\/div><\/div><\/div><\/div><\/div><\/div><\/div><\/div><\/div><\/div><\/div><\/div><\/div><div      class=\"vc_row wpb_row section vc_row-fluid  vc_custom_1492252729164 grid_section\" style=' text-align:left;'><div class=\"section_inner clearfix\"><div class='section_inner_margin clearfix'><div class=\"wpb_column vc_column_container vc_col-sm-12\"><div class=\"vc_column-inner\"><div class=\"wpb_wrapper\"><div      class=\"vc_row wpb_row section vc_row-fluid vc_inner\" style=' text-align:left;'><div class=\"full_section_inner clearfix\"><div class=\"wpb_column vc_column_container vc_col-sm-12\"><div class=\"vc_column-inner\"><div class=\"wpb_wrapper\">\t<div class=\"vc_empty_space\"  style=\"height: 50px\" ><span\n\t\t\tclass=\"vc_empty_space_inner\">\n\t\t\t<span class=\"empty_space_image\"  ><\/span>\n\t\t<\/span><\/div>\n\n\n\t<div class=\"wpb_text_column wpb_content_element\">\n\t\t<div class=\"wpb_wrapper\">\n\t\t\t<h2 style=\"text-align: center;\">Centro Veterinario Animal House<br \/>\n<div class=\"separator  small center\" style=\"margin-top: 10px;background-color: #2aacf1;height: 2pxpx;\"><\/div>\n<\/h2>\n\n\t\t<\/div> \n\t<\/div> \t<div class=\"vc_empty_space\"  style=\"height: 30px\" ><span\n\t\t\tclass=\"vc_empty_space_inner\">\n\t\t\t<span class=\"empty_space_image\"  ><\/span>\n\t\t<\/span><\/div>\n\n\n\t<div class=\"wpb_text_column wpb_content_element\">\n\t\t<div class=\"wpb_wrapper\">\n\t\t\t<h5 style=\"text-align: justify;\"><span style=\"color: #000000;\">En Animal House llevamos m\u00e1s de 15 a\u00f1os ofreciendo el mejor servicio en medicina veterinaria a su alcance. Nuestro equipo m\u00e9dico se distingue por su profesionalidad, vocaci\u00f3n y dedicaci\u00f3n. Una evaluaci\u00f3n personalizada de cada paciente, junto con la tecnolog\u00eda de vanguardia con la que contamos, har\u00e1 que Animal House sea tu cl\u00ednica veterinaria de referencia en el centro de Marbella.<\/span><\/h5>\n\n\t\t<\/div> \n\t<\/div> \t<div class=\"vc_empty_space\"  style=\"height: 50px\" ><span\n\t\t\tclass=\"vc_empty_space_inner\">\n\t\t\t<span class=\"empty_space_image\"  ><\/span>\n\t\t<\/span><\/div>\n\n<\/div><\/div><\/div><\/div><\/div><\/div><\/div><\/div><\/div><\/div><\/div>","protected":false},"excerpt":{"rendered":"CIRUG\u00cdA GENERAL ESPECIALIZADA La cirug\u00eda ocupa un papel principal en nuestro trabajo del d\u00eda a d\u00eda, realizando una media de 365 intervenciones anuales. Por eso contamos en Animal House con un quir\u00f3fano propio y completo.Leer m\u00e1sECOGRAF\u00cdA La ecograf\u00eda, ultrasonograf\u00eda o ecosonograf\u00eda es un procedimiento de...","protected":false},"author":2,"featured_media":0,"parent":0,"menu_order":0,"comment_status":"closed","ping_status":"closed","template":"full_width.php","meta":{"_joinchat":[],"footnotes":""},"class_list":["post-17696","page","type-page","status-publish","hentry"],"yoast_head":"<!-- This site is optimized with the Yoast SEO plugin v25.8 - https:\/\/yoast.com\/wordpress\/plugins\/seo\/ -->\n<title>Centro Veterinario Marbella | Animal House<\/title>\n<meta name=\"robots\" content=\"index, follow, max-snippet:-1, max-image-preview:large, max-video-preview:-1\" \/>\n<link rel=\"canonical\" href=\"https:\/\/animalhouse.es\/en\/servicios\/\" \/>\n<meta property=\"og:locale\" content=\"en_GB\" \/>\n<meta property=\"og:type\" content=\"article\" \/>\n<meta property=\"og:title\" content=\"Centro Veterinario Marbella | Animal House\" \/>\n<meta property=\"og:url\" content=\"https:\/\/animalhouse.es\/en\/servicios\/\" \/>\n<meta property=\"og:site_name\" content=\"Animal House\" \/>\n<meta property=\"article:publisher\" content=\"https:\/\/www.facebook.com\/p\/Cl%c3%adnica-Veterinaria-Animal-House-100063496242751\/\" \/>\n<meta property=\"article:modified_time\" content=\"2026-01-23T16:34:37+00:00\" \/>\n<meta name=\"twitter:card\" content=\"summary_large_image\" \/>\n<meta name=\"twitter:label1\" content=\"Estimated reading time\" \/>\n\t<meta name=\"twitter:data1\" content=\"3 minutes\" \/>\n<script type=\"application\/ld+json\" class=\"yoast-schema-graph\">{\"@context\":\"https:\/\/schema.org\",\"@graph\":[{\"@type\":\"WebPage\",\"@id\":\"https:\/\/animalhouse.es\/servicios\/\",\"url\":\"https:\/\/animalhouse.es\/servicios\/\",\"name\":\"Centro Veterinario Marbella | Animal House\",\"isPartOf\":{\"@id\":\"https:\/\/animalhouse.es\/#website\"},\"datePublished\":\"2021-08-31T23:38:56+00:00\",\"dateModified\":\"2026-01-23T16:34:37+00:00\",\"breadcrumb\":{\"@id\":\"https:\/\/animalhouse.es\/servicios\/#breadcrumb\"},\"inLanguage\":\"en-GB\",\"potentialAction\":[{\"@type\":\"ReadAction\",\"target\":[\"https:\/\/animalhouse.es\/servicios\/\"]}]},{\"@type\":\"BreadcrumbList\",\"@id\":\"https:\/\/animalhouse.es\/servicios\/#breadcrumb\",\"itemListElement\":[{\"@type\":\"ListItem\",\"position\":1,\"name\":\"Portada\",\"item\":\"https:\/\/animalhouse.es\/\"},{\"@type\":\"ListItem\",\"position\":2,\"name\":\"Servicios\"}]},{\"@type\":\"WebSite\",\"@id\":\"https:\/\/animalhouse.es\/#website\",\"url\":\"https:\/\/animalhouse.es\/\",\"name\":\"Animal House\",\"description\":\"Cl\u00ednica Veterinaria Marbella\",\"publisher\":{\"@id\":\"https:\/\/animalhouse.es\/#organization\"},\"potentialAction\":[{\"@type\":\"SearchAction\",\"target\":{\"@type\":\"EntryPoint\",\"urlTemplate\":\"https:\/\/animalhouse.es\/?s={search_term_string}\"},\"query-input\":{\"@type\":\"PropertyValueSpecification\",\"valueRequired\":true,\"valueName\":\"search_term_string\"}}],\"inLanguage\":\"en-GB\"},{\"@type\":\"Organization\",\"@id\":\"https:\/\/animalhouse.es\/#organization\",\"name\":\"Cl\u00ednica veterinaria Animal House\",\"url\":\"https:\/\/animalhouse.es\/\",\"logo\":{\"@type\":\"ImageObject\",\"inLanguage\":\"en-GB\",\"@id\":\"https:\/\/animalhouse.es\/#\/schema\/logo\/image\/\",\"url\":\"https:\/\/animalhouse.es\/wp-content\/uploads\/2017\/03\/slider-1.jpg\",\"contentUrl\":\"https:\/\/animalhouse.es\/wp-content\/uploads\/2017\/03\/slider-1.jpg\",\"width\":1200,\"height\":850,\"caption\":\"Cl\u00ednica veterinaria Animal House\"},\"image\":{\"@id\":\"https:\/\/animalhouse.es\/#\/schema\/logo\/image\/\"},\"sameAs\":[\"https:\/\/www.facebook.com\/p\/Cl\u00ednica-Veterinaria-Animal-House-100063496242751\/\"]}]}<\/script>\n<!-- \/ Yoast SEO plugin. -->","yoast_head_json":{"title":"Centro Veterinario Marbella | Animal House","robots":{"index":"index","follow":"follow","max-snippet":"max-snippet:-1","max-image-preview":"max-image-preview:large","max-video-preview":"max-video-preview:-1"},"canonical":"https:\/\/animalhouse.es\/en\/servicios\/","og_locale":"en_GB","og_type":"article","og_title":"Centro Veterinario Marbella | Animal House","og_url":"https:\/\/animalhouse.es\/en\/servicios\/","og_site_name":"Animal House","article_publisher":"https:\/\/www.facebook.com\/p\/Cl%c3%adnica-Veterinaria-Animal-House-100063496242751\/","article_modified_time":"2026-01-23T16:34:37+00:00","twitter_card":"summary_large_image","twitter_misc":{"Estimated reading time":"3 minutes"},"schema":{"@context":"https:\/\/schema.org","@graph":[{"@type":"WebPage","@id":"https:\/\/animalhouse.es\/servicios\/","url":"https:\/\/animalhouse.es\/servicios\/","name":"Centro Veterinario Marbella | Animal House","isPartOf":{"@id":"https:\/\/animalhouse.es\/#website"},"datePublished":"2021-08-31T23:38:56+00:00","dateModified":"2026-01-23T16:34:37+00:00","breadcrumb":{"@id":"https:\/\/animalhouse.es\/servicios\/#breadcrumb"},"inLanguage":"en-GB","potentialAction":[{"@type":"ReadAction","target":["https:\/\/animalhouse.es\/servicios\/"]}]},{"@type":"BreadcrumbList","@id":"https:\/\/animalhouse.es\/servicios\/#breadcrumb","itemListElement":[{"@type":"ListItem","position":1,"name":"Portada","item":"https:\/\/animalhouse.es\/"},{"@type":"ListItem","position":2,"name":"Servicios"}]},{"@type":"WebSite","@id":"https:\/\/animalhouse.es\/#website","url":"https:\/\/animalhouse.es\/","name":"Animal House","description":"Cl\u00ednica Veterinaria Marbella","publisher":{"@id":"https:\/\/animalhouse.es\/#organization"},"potentialAction":[{"@type":"SearchAction","target":{"@type":"EntryPoint","urlTemplate":"https:\/\/animalhouse.es\/?s={search_term_string}"},"query-input":{"@type":"PropertyValueSpecification","valueRequired":true,"valueName":"search_term_string"}}],"inLanguage":"en-GB"},{"@type":"Organization","@id":"https:\/\/animalhouse.es\/#organization","name":"Cl\u00ednica veterinaria Animal House","url":"https:\/\/animalhouse.es\/","logo":{"@type":"ImageObject","inLanguage":"en-GB","@id":"https:\/\/animalhouse.es\/#\/schema\/logo\/image\/","url":"https:\/\/animalhouse.es\/wp-content\/uploads\/2017\/03\/slider-1.jpg","contentUrl":"https:\/\/animalhouse.es\/wp-content\/uploads\/2017\/03\/slider-1.jpg","width":1200,"height":850,"caption":"Cl\u00ednica veterinaria Animal House"},"image":{"@id":"https:\/\/animalhouse.es\/#\/schema\/logo\/image\/"},"sameAs":["https:\/\/www.facebook.com\/p\/Cl\u00ednica-Veterinaria-Animal-House-100063496242751\/"]}]}},"_links":{"self":[{"href":"https:\/\/animalhouse.es\/en\/wp-json\/wp\/v2\/pages\/17696","targetHints":{"allow":["GET"]}}],"collection":[{"href":"https:\/\/animalhouse.es\/en\/wp-json\/wp\/v2\/pages"}],"about":[{"href":"https:\/\/animalhouse.es\/en\/wp-json\/wp\/v2\/types\/page"}],"author":[{"embeddable":true,"href":"https:\/\/animalhouse.es\/en\/wp-json\/wp\/v2\/users\/2"}],"replies":[{"embeddable":true,"href":"https:\/\/animalhouse.es\/en\/wp-json\/wp\/v2\/comments?post=17696"}],"version-history":[{"count":25,"href":"https:\/\/animalhouse.es\/en\/wp-json\/wp\/v2\/pages\/17696\/revisions"}],"predecessor-version":[{"id":17946,"href":"https:\/\/animalhouse.es\/en\/wp-json\/wp\/v2\/pages\/17696\/revisions\/17946"}],"wp:attachment":[{"href":"https:\/\/animalhouse.es\/en\/wp-json\/wp\/v2\/media?parent=17696"}],"curies":[{"name":"wp","href":"https:\/\/api.w.org\/{rel}","templated":true}]}}